{"id":48705,"date":"2025-11-06T03:24:26","date_gmt":"2025-11-06T01:24:26","guid":{"rendered":"https:\/\/rezekne.citro.lv\/veikals\/tomati-kirsu-marineti-majas-gaume-680g-360g\/"},"modified":"2026-02-07T06:27:30","modified_gmt":"2026-02-07T04:27:30","slug":"tomati-kirsu-marineti-majas-gaume-680g-360g","status":"publish","type":"product","link":"https:\/\/rezekne.citro.lv\/ru\/product\/tomati-kirsu-marineti-majas-gaume-680g-360g\/","title":{"rendered":"TOM\u0100TI \u0136IR\u0160U, MARIN\u0112TI M\u0100JAS GAUM\u0112 680G\/360G"},"content":{"rendered":"<p>Izcelsmes valsts: Ukraina<\/p>\n","protected":false},"excerpt":{"rendered":"<p>6.36 \u20ac\/KG<\/p>\n","protected":false},"featured_media":48793,"template":"","meta":{"_acf_changed":false,"inline_featured_image":false},"product_cat":[103,137],"product_tag":[],"acf":[],"aioseo_notices":[],"_links":{"self":[{"href":"https:\/\/rezekne.citro.lv\/ru\/wp-json\/wp\/v2\/product\/48705"}],"collection":[{"href":"https:\/\/rezekne.citro.lv\/ru\/wp-json\/wp\/v2\/product"}],"about":[{"href":"https:\/\/rezekne.citro.lv\/ru\/wp-json\/wp\/v2\/types\/product"}],"wp:featuredmedia":[{"embeddable":true,"href":"https:\/\/rezekne.citro.lv\/ru\/wp-json\/wp\/v2\/media\/48793"}],"wp:attachment":[{"href":"https:\/\/rezekne.citro.lv\/ru\/wp-json\/wp\/v2\/media?parent=48705"}],"wp:term":[{"taxonomy":"product_cat","embeddable":true,"href":"https:\/\/rezekne.citro.lv\/ru\/wp-json\/wp\/v2\/product_cat?post=48705"},{"taxonomy":"product_tag","embeddable":true,"href":"https:\/\/rezekne.citro.lv\/ru\/wp-json\/wp\/v2\/product_tag?post=48705"}],"curies":[{"name":"wp","href":"https:\/\/api.w.org\/{rel}","templated":true}]}}