{"id":48714,"date":"2026-03-26T00:49:42","date_gmt":"2026-03-25T22:49:42","guid":{"rendered":"https:\/\/rezekne.citro.lv\/veikals\/maize-dziva-skiedrvielu-250g-fazer\/"},"modified":"2026-04-22T06:27:10","modified_gmt":"2026-04-22T03:27:10","slug":"maize-dziva-skiedrvielu-250g-fazer","status":"publish","type":"product","link":"https:\/\/rezekne.citro.lv\/ru\/product\/maize-dziva-skiedrvielu-250g-fazer\/","title":{"rendered":"MAIZE DZ\u012aV\u0100 \u0160\u0136IEDRVIELU 250G FAZER"},"content":{"rendered":"<p>Izcelsmes valsts: Latvija<\/p>\n","protected":false},"excerpt":{"rendered":"<p>4.20 \u20ac\/KG<\/p>\n","protected":false},"featured_media":8358,"template":"","meta":{"_acf_changed":false,"inline_featured_image":false},"product_cat":[215,216],"product_tag":[],"acf":[],"aioseo_notices":[],"_links":{"self":[{"href":"https:\/\/rezekne.citro.lv\/ru\/wp-json\/wp\/v2\/product\/48714"}],"collection":[{"href":"https:\/\/rezekne.citro.lv\/ru\/wp-json\/wp\/v2\/product"}],"about":[{"href":"https:\/\/rezekne.citro.lv\/ru\/wp-json\/wp\/v2\/types\/product"}],"wp:featuredmedia":[{"embeddable":true,"href":"https:\/\/rezekne.citro.lv\/ru\/wp-json\/wp\/v2\/media\/8358"}],"wp:attachment":[{"href":"https:\/\/rezekne.citro.lv\/ru\/wp-json\/wp\/v2\/media?parent=48714"}],"wp:term":[{"taxonomy":"product_cat","embeddable":true,"href":"https:\/\/rezekne.citro.lv\/ru\/wp-json\/wp\/v2\/product_cat?post=48714"},{"taxonomy":"product_tag","embeddable":true,"href":"https:\/\/rezekne.citro.lv\/ru\/wp-json\/wp\/v2\/product_tag?post=48714"}],"curies":[{"name":"wp","href":"https:\/\/api.w.org\/{rel}","templated":true}]}}