{"id":48724,"date":"2025-12-18T00:16:05","date_gmt":"2025-12-17T22:16:05","guid":{"rendered":"https:\/\/rezekne.citro.lv\/veikals\/burkani-kraukskigie-suncrisp-200g-2\/"},"modified":"2026-03-30T09:00:27","modified_gmt":"2026-03-30T06:00:27","slug":"burkani-kraukskigie-suncrisp-200g","status":"publish","type":"product","link":"https:\/\/rezekne.citro.lv\/ru\/product\/burkani-kraukskigie-suncrisp-200g\/","title":{"rendered":"BURK\u0100NI KRAUK\u0160\u0136\u012aGIE SUNCRISP 200G"},"content":{"rendered":"<p>Izcelsmes valsts: Portug\u0101le<br \/>PORTUG\u0100LE, 2.\u0160\u0136<\/p>\n","protected":false},"excerpt":{"rendered":"<p>4.95 \u20ac\/KG<\/p>\n","protected":false},"featured_media":72709,"template":"","meta":{"_acf_changed":false,"inline_featured_image":false},"product_cat":[97,99],"product_tag":[],"acf":[],"aioseo_notices":[],"_links":{"self":[{"href":"https:\/\/rezekne.citro.lv\/ru\/wp-json\/wp\/v2\/product\/48724"}],"collection":[{"href":"https:\/\/rezekne.citro.lv\/ru\/wp-json\/wp\/v2\/product"}],"about":[{"href":"https:\/\/rezekne.citro.lv\/ru\/wp-json\/wp\/v2\/types\/product"}],"wp:featuredmedia":[{"embeddable":true,"href":"https:\/\/rezekne.citro.lv\/ru\/wp-json\/wp\/v2\/media\/72709"}],"wp:attachment":[{"href":"https:\/\/rezekne.citro.lv\/ru\/wp-json\/wp\/v2\/media?parent=48724"}],"wp:term":[{"taxonomy":"product_cat","embeddable":true,"href":"https:\/\/rezekne.citro.lv\/ru\/wp-json\/wp\/v2\/product_cat?post=48724"},{"taxonomy":"product_tag","embeddable":true,"href":"https:\/\/rezekne.citro.lv\/ru\/wp-json\/wp\/v2\/product_tag?post=48724"}],"curies":[{"name":"wp","href":"https:\/\/api.w.org\/{rel}","templated":true}]}}