{"id":48737,"date":"2026-02-12T00:16:13","date_gmt":"2026-02-11T22:16:13","guid":{"rendered":"https:\/\/rezekne.citro.lv\/veikals\/cepumi-majas-200g\/"},"modified":"2026-04-03T15:00:15","modified_gmt":"2026-04-03T12:00:15","slug":"cepumi-majas-citro-200g","status":"publish","type":"product","link":"https:\/\/rezekne.citro.lv\/ru\/product\/cepumi-majas-citro-200g\/","title":{"rendered":"CEPUMI M\u0100JAS CITRO 200G"},"content":{"rendered":"<p>Izcelsmes valsts: Latvija<br \/>Sast\u0101vda\u013cas: KVIE\u0160U MILTI; margar\u012bns {augu e\u013c\u013ca (palmu, rap\u0161u, saulespu\u0137u, palmu kodolu tauki, kokosa tauki, piln\u012bb\u0101 hidrogen\u0113ti kokosa tauki, piln\u012bb\u0101 hidrogen\u0113ta rap\u0161u e\u013c\u013ca &#8212; main\u012bg\u0101 proporcij\u0101 ), \u016bdens, emulgatori: E471,E475, E476, E322; s\u0101ls , sk\u0101buma regul\u0113t\u0101js -citronsk\u0101be (E330), konservants &#8212; k\u0101lija sorb\u0101ts (E-202), arom\u0101tviela, p\u0101rtikas kr\u0101svielas: annato &#8212; E160b(i) un\/vai \u00df-karot\u012bns (E160-a). Produkts var satur\u0113t PIENU}: cukurs;\u016bdens;OLAS,  Uzglab\u0101\u0161anas temperat\u016bra +20+25C Inform\u0101cija par uzturv\u0113rt\u012bbu:100 g produkta satur: ener\u0123\u0113tisk\u0101 v\u0113rt\u012bba 1851 kJ \/ 442kcal; tauki 22.2g, tostarp pies\u0101tin\u0101t\u0101s tauksk\u0101bes 10.6g; og\u013chidr\u0101ti 53.4g, tostarp cukuri 14.9g; \u0161\u0137iedrvielas 2.1g; olbaltumvielas 6.2g; s\u0101ls 0.3g. .<\/p>\n","protected":false},"excerpt":{"rendered":"<p>8.45 \u20ac\/KG<\/p>\n","protected":false},"featured_media":58661,"template":"","meta":{"_acf_changed":false,"inline_featured_image":false},"product_cat":[125,139],"product_tag":[],"acf":[],"aioseo_notices":[],"_links":{"self":[{"href":"https:\/\/rezekne.citro.lv\/ru\/wp-json\/wp\/v2\/product\/48737"}],"collection":[{"href":"https:\/\/rezekne.citro.lv\/ru\/wp-json\/wp\/v2\/product"}],"about":[{"href":"https:\/\/rezekne.citro.lv\/ru\/wp-json\/wp\/v2\/types\/product"}],"wp:featuredmedia":[{"embeddable":true,"href":"https:\/\/rezekne.citro.lv\/ru\/wp-json\/wp\/v2\/media\/58661"}],"wp:attachment":[{"href":"https:\/\/rezekne.citro.lv\/ru\/wp-json\/wp\/v2\/media?parent=48737"}],"wp:term":[{"taxonomy":"product_cat","embeddable":true,"href":"https:\/\/rezekne.citro.lv\/ru\/wp-json\/wp\/v2\/product_cat?post=48737"},{"taxonomy":"product_tag","embeddable":true,"href":"https:\/\/rezekne.citro.lv\/ru\/wp-json\/wp\/v2\/product_tag?post=48737"}],"curies":[{"name":"wp","href":"https:\/\/api.w.org\/{rel}","templated":true}]}}