{"id":48747,"date":"2026-03-12T00:17:30","date_gmt":"2026-03-11T22:17:30","guid":{"rendered":"https:\/\/rezekne.citro.lv\/veikals\/saldejums-majas-minis-ar-drazejam-glazite-120ml-68g\/"},"modified":"2026-05-03T06:28:35","modified_gmt":"2026-05-03T03:28:35","slug":"saldejums-majas-minis-ar-drazejam-glazite-120ml-68g","status":"publish","type":"product","link":"https:\/\/rezekne.citro.lv\/ru\/product\/saldejums-majas-minis-ar-drazejam-glazite-120ml-68g\/","title":{"rendered":"SALD\u0112JUMS M\u0100JAS MINIS AR DRA\u017dEJ\u0100M GL\u0100Z\u012aT\u0112 120ML\/68G"},"content":{"rendered":"<p>Izcelsmes valsts: Lietuva<\/p>\n","protected":false},"excerpt":{"rendered":"<p>17.50 \u20ac\/KG<\/p>\n","protected":false},"featured_media":48763,"template":"","meta":{"_acf_changed":false,"inline_featured_image":false},"product_cat":[233,234],"product_tag":[],"acf":[],"aioseo_notices":[],"_links":{"self":[{"href":"https:\/\/rezekne.citro.lv\/ru\/wp-json\/wp\/v2\/product\/48747"}],"collection":[{"href":"https:\/\/rezekne.citro.lv\/ru\/wp-json\/wp\/v2\/product"}],"about":[{"href":"https:\/\/rezekne.citro.lv\/ru\/wp-json\/wp\/v2\/types\/product"}],"wp:featuredmedia":[{"embeddable":true,"href":"https:\/\/rezekne.citro.lv\/ru\/wp-json\/wp\/v2\/media\/48763"}],"wp:attachment":[{"href":"https:\/\/rezekne.citro.lv\/ru\/wp-json\/wp\/v2\/media?parent=48747"}],"wp:term":[{"taxonomy":"product_cat","embeddable":true,"href":"https:\/\/rezekne.citro.lv\/ru\/wp-json\/wp\/v2\/product_cat?post=48747"},{"taxonomy":"product_tag","embeddable":true,"href":"https:\/\/rezekne.citro.lv\/ru\/wp-json\/wp\/v2\/product_tag?post=48747"}],"curies":[{"name":"wp","href":"https:\/\/api.w.org\/{rel}","templated":true}]}}