{"id":48751,"date":"2026-05-07T00:17:40","date_gmt":"2026-05-06T21:17:40","guid":{"rendered":"https:\/\/rezekne.citro.lv\/veikals\/olivella-pomace-1l-stikla\/"},"modified":"2026-05-10T06:29:20","modified_gmt":"2026-05-10T03:29:20","slug":"olivella-pomace-1l-stikla","status":"publish","type":"product","link":"https:\/\/rezekne.citro.lv\/ru\/product\/olivella-pomace-1l-stikla\/","title":{"rendered":"OL\u012aVE\u013b\u013bA POMACE 1L STIKL\u0100"},"content":{"rendered":"<p>Izcelsmes valsts: Ukraina<\/p>\n","protected":false},"excerpt":{"rendered":"<p>5.99 \u20ac\/L<\/p>\n","protected":false},"featured_media":48758,"template":"","meta":{"_acf_changed":false,"inline_featured_image":false},"product_cat":[116,164],"product_tag":[],"acf":[],"aioseo_notices":[],"_links":{"self":[{"href":"https:\/\/rezekne.citro.lv\/ru\/wp-json\/wp\/v2\/product\/48751"}],"collection":[{"href":"https:\/\/rezekne.citro.lv\/ru\/wp-json\/wp\/v2\/product"}],"about":[{"href":"https:\/\/rezekne.citro.lv\/ru\/wp-json\/wp\/v2\/types\/product"}],"wp:featuredmedia":[{"embeddable":true,"href":"https:\/\/rezekne.citro.lv\/ru\/wp-json\/wp\/v2\/media\/48758"}],"wp:attachment":[{"href":"https:\/\/rezekne.citro.lv\/ru\/wp-json\/wp\/v2\/media?parent=48751"}],"wp:term":[{"taxonomy":"product_cat","embeddable":true,"href":"https:\/\/rezekne.citro.lv\/ru\/wp-json\/wp\/v2\/product_cat?post=48751"},{"taxonomy":"product_tag","embeddable":true,"href":"https:\/\/rezekne.citro.lv\/ru\/wp-json\/wp\/v2\/product_tag?post=48751"}],"curies":[{"name":"wp","href":"https:\/\/api.w.org\/{rel}","templated":true}]}}