{"id":48840,"date":"2026-03-12T00:16:19","date_gmt":"2026-03-11T22:16:19","guid":{"rendered":"https:\/\/rezekne.citro.lv\/veikals\/dzervenu-uzputenis-300g-citro\/"},"modified":"2026-05-03T06:27:11","modified_gmt":"2026-05-03T03:27:11","slug":"deserts-uzputenis-dzervenu-citro-300g","status":"publish","type":"product","link":"https:\/\/rezekne.citro.lv\/ru\/product\/deserts-uzputenis-dzervenu-citro-300g\/","title":{"rendered":"DESERTS UZP\u016aTENIS DZ\u0112RVE\u0145U CITRO 300G"},"content":{"rendered":"<p>Izcelsmes valsts: Latvija<br \/>Sast\u0101vda\u013cas: \u016bdens: s\u012brups ar dz\u0113rve\u0146u gar\u0161u 16.2%(\u016bdens, cukurs, sk\u0101buma regul\u0113t\u0101js: citronsk\u0101be, biezin\u0101t\u0101js: E466, kr\u0101svielas: E124, E151): dz\u0113rve\u0146u aromatiz\u0113t\u0101js, konservants: n\u0101trija benzo\u0101ts. Kr\u0101svielaE124 var nelabv\u0113l\u012bgi ietekm\u0113t b\u0113rnu aktivit\u0101ti un uzman\u012bbu)):MANNA;cukurs; upenes. Uzglab\u0101\u0161anas temperat\u016bra +2-+6C  Inform\u0101cija par uzturv\u0113rt\u012bbu: 100 g produkta satur: ener\u0123\u0113tisk\u0101 v\u0113rt\u012bba 301 kJ \/ 71kcal; tauki 0.1g, tostarp pies\u0101tin\u0101t\u0101s tauksk\u0101bes 0g; og\u013chidr\u0101ti 16.4g, tostarp cukuri 10.6g; \u0161\u0137iedrvielas 0.4g; olbaltumvielas 0.9g; s\u0101ls 0g.<\/p>\n","protected":false},"excerpt":{"rendered":"<p>4.63 \u20ac\/KG<\/p>\n","protected":false},"featured_media":51705,"template":"","meta":{"_acf_changed":false,"inline_featured_image":false},"product_cat":[113,221],"product_tag":[],"acf":[],"aioseo_notices":[],"_links":{"self":[{"href":"https:\/\/rezekne.citro.lv\/ru\/wp-json\/wp\/v2\/product\/48840"}],"collection":[{"href":"https:\/\/rezekne.citro.lv\/ru\/wp-json\/wp\/v2\/product"}],"about":[{"href":"https:\/\/rezekne.citro.lv\/ru\/wp-json\/wp\/v2\/types\/product"}],"wp:featuredmedia":[{"embeddable":true,"href":"https:\/\/rezekne.citro.lv\/ru\/wp-json\/wp\/v2\/media\/51705"}],"wp:attachment":[{"href":"https:\/\/rezekne.citro.lv\/ru\/wp-json\/wp\/v2\/media?parent=48840"}],"wp:term":[{"taxonomy":"product_cat","embeddable":true,"href":"https:\/\/rezekne.citro.lv\/ru\/wp-json\/wp\/v2\/product_cat?post=48840"},{"taxonomy":"product_tag","embeddable":true,"href":"https:\/\/rezekne.citro.lv\/ru\/wp-json\/wp\/v2\/product_tag?post=48840"}],"curies":[{"name":"wp","href":"https:\/\/api.w.org\/{rel}","templated":true}]}}