{"id":48841,"date":"2024-08-01T00:27:26","date_gmt":"2024-07-31T21:27:26","guid":{"rendered":"https:\/\/rezekne.citro.lv\/veikals\/avenu-debesmanna-250g-citro\/"},"modified":"2026-04-11T15:00:39","modified_gmt":"2026-04-11T12:00:39","slug":"deserts-debesmanna-avenu-citro-250g","status":"publish","type":"product","link":"https:\/\/rezekne.citro.lv\/ru\/product\/deserts-debesmanna-avenu-citro-250g\/","title":{"rendered":"DESERTS DEBESMANNA AVE\u0145U\u00a0CITRO 250G"},"content":{"rendered":"<p>Izcelsmes valsts: Latvija<br \/>Sast\u0101vda\u013cas: \u016bdens; avenes 16.6%; cukurs;MANNA. Uzglab\u0101\u0161anas temperat\u016bra +2-+6C  Inform\u0101cija par uzturv\u0113rt\u012bbu: 100 g produkta satur: ener\u0123\u0113tisk\u0101 v\u0113rt\u012bba 331 kJ \/ 78kcal; tauki 0.1g, tostarp pies\u0101tin\u0101t\u0101s tauksk\u0101bes 0.1g; og\u013chidr\u0101ti 17g, tostarp cukuri 14.7g; \u0161\u0137iedrvielas 1g; olbaltumvielas 1.8g; s\u0101ls 0.2g.<\/p>\n","protected":false},"excerpt":{"rendered":"<p>5.56 \u20ac\/KG<\/p>\n","protected":false},"featured_media":51487,"template":"","meta":{"_acf_changed":false,"inline_featured_image":false},"product_cat":[113,221],"product_tag":[],"acf":[],"aioseo_notices":[],"_links":{"self":[{"href":"https:\/\/rezekne.citro.lv\/ru\/wp-json\/wp\/v2\/product\/48841"}],"collection":[{"href":"https:\/\/rezekne.citro.lv\/ru\/wp-json\/wp\/v2\/product"}],"about":[{"href":"https:\/\/rezekne.citro.lv\/ru\/wp-json\/wp\/v2\/types\/product"}],"wp:featuredmedia":[{"embeddable":true,"href":"https:\/\/rezekne.citro.lv\/ru\/wp-json\/wp\/v2\/media\/51487"}],"wp:attachment":[{"href":"https:\/\/rezekne.citro.lv\/ru\/wp-json\/wp\/v2\/media?parent=48841"}],"wp:term":[{"taxonomy":"product_cat","embeddable":true,"href":"https:\/\/rezekne.citro.lv\/ru\/wp-json\/wp\/v2\/product_cat?post=48841"},{"taxonomy":"product_tag","embeddable":true,"href":"https:\/\/rezekne.citro.lv\/ru\/wp-json\/wp\/v2\/product_tag?post=48841"}],"curies":[{"name":"wp","href":"https:\/\/api.w.org\/{rel}","templated":true}]}}