{"id":48936,"date":"2023-03-30T02:33:51","date_gmt":"2023-03-29T23:33:51","guid":{"rendered":"https:\/\/rezekne.citro.lv\/veikals\/ievarijums-avenu-362g\/"},"modified":"2024-12-18T19:32:12","modified_gmt":"2024-12-18T17:32:12","slug":"ievarijums-avenu-362g","status":"publish","type":"product","link":"https:\/\/rezekne.citro.lv\/ru\/product\/ievarijums-avenu-362g\/","title":{"rendered":"IEV\u0100R\u012aJUMS AVE\u0145U 362G"},"content":{"rendered":"","protected":false},"excerpt":{"rendered":"<p>11.02 \u20ac\/KG<\/p>\n","protected":false},"featured_media":4763,"template":"","meta":{"_acf_changed":false,"inline_featured_image":false},"product_cat":[103,193],"product_tag":[],"acf":[],"aioseo_notices":[],"_links":{"self":[{"href":"https:\/\/rezekne.citro.lv\/ru\/wp-json\/wp\/v2\/product\/48936"}],"collection":[{"href":"https:\/\/rezekne.citro.lv\/ru\/wp-json\/wp\/v2\/product"}],"about":[{"href":"https:\/\/rezekne.citro.lv\/ru\/wp-json\/wp\/v2\/types\/product"}],"wp:featuredmedia":[{"embeddable":true,"href":"https:\/\/rezekne.citro.lv\/ru\/wp-json\/wp\/v2\/media\/4763"}],"wp:attachment":[{"href":"https:\/\/rezekne.citro.lv\/ru\/wp-json\/wp\/v2\/media?parent=48936"}],"wp:term":[{"taxonomy":"product_cat","embeddable":true,"href":"https:\/\/rezekne.citro.lv\/ru\/wp-json\/wp\/v2\/product_cat?post=48936"},{"taxonomy":"product_tag","embeddable":true,"href":"https:\/\/rezekne.citro.lv\/ru\/wp-json\/wp\/v2\/product_tag?post=48936"}],"curies":[{"name":"wp","href":"https:\/\/api.w.org\/{rel}","templated":true}]}}