{"id":48949,"date":"2023-01-05T02:33:24","date_gmt":"2023-01-05T00:33:24","guid":{"rendered":"https:\/\/rezekne.citro.lv\/veikals\/tomati-mizoti-sava-sula-400g-240g-blik\/"},"modified":"2025-01-18T06:47:38","modified_gmt":"2025-01-18T04:47:38","slug":"tomati-mizoti-sava-sula-400g-240g-blik","status":"publish","type":"product","link":"https:\/\/rezekne.citro.lv\/ru\/product\/tomati-mizoti-sava-sula-400g-240g-blik\/","title":{"rendered":"TOM\u0100TI MIZOTI SAV\u0100 SUL\u0100 400G\/240G BLIK"},"content":{"rendered":"","protected":false},"excerpt":{"rendered":"<p>5.38 \u20ac\/KG<\/p>\n","protected":false},"featured_media":49024,"template":"","meta":{"_acf_changed":false,"inline_featured_image":false},"product_cat":[103,137],"product_tag":[],"acf":[],"aioseo_notices":[],"_links":{"self":[{"href":"https:\/\/rezekne.citro.lv\/ru\/wp-json\/wp\/v2\/product\/48949"}],"collection":[{"href":"https:\/\/rezekne.citro.lv\/ru\/wp-json\/wp\/v2\/product"}],"about":[{"href":"https:\/\/rezekne.citro.lv\/ru\/wp-json\/wp\/v2\/types\/product"}],"wp:featuredmedia":[{"embeddable":true,"href":"https:\/\/rezekne.citro.lv\/ru\/wp-json\/wp\/v2\/media\/49024"}],"wp:attachment":[{"href":"https:\/\/rezekne.citro.lv\/ru\/wp-json\/wp\/v2\/media?parent=48949"}],"wp:term":[{"taxonomy":"product_cat","embeddable":true,"href":"https:\/\/rezekne.citro.lv\/ru\/wp-json\/wp\/v2\/product_cat?post=48949"},{"taxonomy":"product_tag","embeddable":true,"href":"https:\/\/rezekne.citro.lv\/ru\/wp-json\/wp\/v2\/product_tag?post=48949"}],"curies":[{"name":"wp","href":"https:\/\/api.w.org\/{rel}","templated":true}]}}