{"id":48953,"date":"2021-03-27T01:01:23","date_gmt":"2021-03-26T23:01:23","guid":{"rendered":"https:\/\/rezekne.citro.lv\/veikals\/kompots-kirsu-ar-kauliniem-720ml\/"},"modified":"2023-04-20T12:38:46","modified_gmt":"2023-04-20T09:38:46","slug":"kompots-kirsu-ar-kauliniem-720ml","status":"publish","type":"product","link":"https:\/\/rezekne.citro.lv\/ru\/product\/kompots-kirsu-ar-kauliniem-720ml\/","title":{"rendered":"KOMPOTS \u0136IR\u0160U AR KAULI\u0145IEM 720ML"},"content":{"rendered":"","protected":false},"excerpt":{"rendered":"<p>2.35 \u20ac\/KG<\/p>\n","protected":false},"featured_media":0,"template":"","meta":{"_acf_changed":false,"inline_featured_image":false},"product_cat":[103,193],"product_tag":[],"acf":[],"aioseo_notices":[],"_links":{"self":[{"href":"https:\/\/rezekne.citro.lv\/ru\/wp-json\/wp\/v2\/product\/48953"}],"collection":[{"href":"https:\/\/rezekne.citro.lv\/ru\/wp-json\/wp\/v2\/product"}],"about":[{"href":"https:\/\/rezekne.citro.lv\/ru\/wp-json\/wp\/v2\/types\/product"}],"wp:attachment":[{"href":"https:\/\/rezekne.citro.lv\/ru\/wp-json\/wp\/v2\/media?parent=48953"}],"wp:term":[{"taxonomy":"product_cat","embeddable":true,"href":"https:\/\/rezekne.citro.lv\/ru\/wp-json\/wp\/v2\/product_cat?post=48953"},{"taxonomy":"product_tag","embeddable":true,"href":"https:\/\/rezekne.citro.lv\/ru\/wp-json\/wp\/v2\/product_tag?post=48953"}],"curies":[{"name":"wp","href":"https:\/\/api.w.org\/{rel}","templated":true}]}}