{"id":48987,"date":"2024-08-27T11:17:56","date_gmt":"2024-08-27T08:17:56","guid":{"rendered":"https:\/\/rezekne.citro.lv\/veikals\/salati-majas-slatava-900ml\/"},"modified":"2026-04-28T06:12:07","modified_gmt":"2026-04-28T03:12:07","slug":"salati-majas-slatava-900ml","status":"publish","type":"product","link":"https:\/\/rezekne.citro.lv\/ru\/product\/salati-majas-slatava-900ml\/","title":{"rendered":"SAL\u0100TI M\u0100JAS SL\u0100TAVA 820G\/500G"},"content":{"rendered":"<p>Izcelsmes valsts: Polija<\/p>\n","protected":false},"excerpt":{"rendered":"<p>3.38 \u20ac\/KG<\/p>\n","protected":false},"featured_media":49006,"template":"","meta":{"_acf_changed":false,"inline_featured_image":false},"product_cat":[103,137],"product_tag":[],"acf":[],"aioseo_notices":[],"_links":{"self":[{"href":"https:\/\/rezekne.citro.lv\/ru\/wp-json\/wp\/v2\/product\/48987"}],"collection":[{"href":"https:\/\/rezekne.citro.lv\/ru\/wp-json\/wp\/v2\/product"}],"about":[{"href":"https:\/\/rezekne.citro.lv\/ru\/wp-json\/wp\/v2\/types\/product"}],"wp:featuredmedia":[{"embeddable":true,"href":"https:\/\/rezekne.citro.lv\/ru\/wp-json\/wp\/v2\/media\/49006"}],"wp:attachment":[{"href":"https:\/\/rezekne.citro.lv\/ru\/wp-json\/wp\/v2\/media?parent=48987"}],"wp:term":[{"taxonomy":"product_cat","embeddable":true,"href":"https:\/\/rezekne.citro.lv\/ru\/wp-json\/wp\/v2\/product_cat?post=48987"},{"taxonomy":"product_tag","embeddable":true,"href":"https:\/\/rezekne.citro.lv\/ru\/wp-json\/wp\/v2\/product_tag?post=48987"}],"curies":[{"name":"wp","href":"https:\/\/api.w.org\/{rel}","templated":true}]}}