{"id":49046,"date":"2025-12-09T00:02:20","date_gmt":"2025-12-08T22:02:20","guid":{"rendered":"https:\/\/rezekne.citro.lv\/veikals\/silkes-salati-majoneze-ar-bietem-500g-oniors\/"},"modified":"2025-12-09T00:02:22","modified_gmt":"2025-12-08T22:02:22","slug":"silkes-salati-majoneze-ar-bietem-500g-oniors","status":"publish","type":"product","link":"https:\/\/rezekne.citro.lv\/ru\/product\/silkes-salati-majoneze-ar-bietem-500g-oniors\/","title":{"rendered":"SI\u013b\u0136ES SAL\u0100TI MAJON\u0112Z\u0112 AR BIET\u0112M 500G ONIORS"},"content":{"rendered":"<p>Izcelsmes valsts: Latvija<\/p>\n","protected":false},"excerpt":{"rendered":"<p>8.38 \u20ac\/KG<\/p>\n","protected":false},"featured_media":49340,"template":"","meta":{"_acf_changed":false,"inline_featured_image":false},"product_cat":[135,136],"product_tag":[],"acf":[],"aioseo_notices":[],"_links":{"self":[{"href":"https:\/\/rezekne.citro.lv\/ru\/wp-json\/wp\/v2\/product\/49046"}],"collection":[{"href":"https:\/\/rezekne.citro.lv\/ru\/wp-json\/wp\/v2\/product"}],"about":[{"href":"https:\/\/rezekne.citro.lv\/ru\/wp-json\/wp\/v2\/types\/product"}],"wp:featuredmedia":[{"embeddable":true,"href":"https:\/\/rezekne.citro.lv\/ru\/wp-json\/wp\/v2\/media\/49340"}],"wp:attachment":[{"href":"https:\/\/rezekne.citro.lv\/ru\/wp-json\/wp\/v2\/media?parent=49046"}],"wp:term":[{"taxonomy":"product_cat","embeddable":true,"href":"https:\/\/rezekne.citro.lv\/ru\/wp-json\/wp\/v2\/product_cat?post=49046"},{"taxonomy":"product_tag","embeddable":true,"href":"https:\/\/rezekne.citro.lv\/ru\/wp-json\/wp\/v2\/product_tag?post=49046"}],"curies":[{"name":"wp","href":"https:\/\/api.w.org\/{rel}","templated":true}]}}