{"id":49047,"date":"2024-08-27T11:16:55","date_gmt":"2024-08-27T08:16:55","guid":{"rendered":"https:\/\/rezekne.citro.lv\/veikals\/lasa-forelu-skaidinas-ella-200g-140g-oniors\/"},"modified":"2024-08-27T11:16:56","modified_gmt":"2024-08-27T08:16:56","slug":"lasa-forelu-skaidinas-ella-200g-140g-oniors","status":"publish","type":"product","link":"https:\/\/rezekne.citro.lv\/ru\/product\/lasa-forelu-skaidinas-ella-200g-140g-oniors\/","title":{"rendered":"LA\u0160A FORE\u013bU SKAIDI\u0145AS E\u013b\u013b\u0100 200G\/140G ONIORS"},"content":{"rendered":"<p>Izcelsmes valsts: Latvija<\/p>\n","protected":false},"excerpt":{"rendered":"<p>29.21 \u20ac\/KG<\/p>\n","protected":false},"featured_media":49494,"template":"","meta":{"_acf_changed":false,"inline_featured_image":false},"product_cat":[135,136],"product_tag":[],"acf":[],"aioseo_notices":[],"_links":{"self":[{"href":"https:\/\/rezekne.citro.lv\/ru\/wp-json\/wp\/v2\/product\/49047"}],"collection":[{"href":"https:\/\/rezekne.citro.lv\/ru\/wp-json\/wp\/v2\/product"}],"about":[{"href":"https:\/\/rezekne.citro.lv\/ru\/wp-json\/wp\/v2\/types\/product"}],"wp:featuredmedia":[{"embeddable":true,"href":"https:\/\/rezekne.citro.lv\/ru\/wp-json\/wp\/v2\/media\/49494"}],"wp:attachment":[{"href":"https:\/\/rezekne.citro.lv\/ru\/wp-json\/wp\/v2\/media?parent=49047"}],"wp:term":[{"taxonomy":"product_cat","embeddable":true,"href":"https:\/\/rezekne.citro.lv\/ru\/wp-json\/wp\/v2\/product_cat?post=49047"},{"taxonomy":"product_tag","embeddable":true,"href":"https:\/\/rezekne.citro.lv\/ru\/wp-json\/wp\/v2\/product_tag?post=49047"}],"curies":[{"name":"wp","href":"https:\/\/api.w.org\/{rel}","templated":true}]}}