{"id":49048,"date":"2026-04-30T00:02:36","date_gmt":"2026-04-29T21:02:36","guid":{"rendered":"https:\/\/rezekne.citro.lv\/veikals\/redisi-sarkanie-300g\/"},"modified":"2026-05-02T06:25:07","modified_gmt":"2026-05-02T03:25:07","slug":"redisi-sarkanie-300g","status":"publish","type":"product","link":"https:\/\/rezekne.citro.lv\/ru\/product\/redisi-sarkanie-300g\/","title":{"rendered":"RED\u012aSI SARKANIE 300G"},"content":{"rendered":"<p>IT\u0100LIJA 2.\u0160\u0136<\/p>\n","protected":false},"excerpt":{"rendered":"<p>2.63 \u20ac\/KG<\/p>\n","protected":false},"featured_media":70317,"template":"","meta":{"_acf_changed":false,"inline_featured_image":false},"product_cat":[97,99],"product_tag":[],"acf":[],"aioseo_notices":[],"_links":{"self":[{"href":"https:\/\/rezekne.citro.lv\/ru\/wp-json\/wp\/v2\/product\/49048"}],"collection":[{"href":"https:\/\/rezekne.citro.lv\/ru\/wp-json\/wp\/v2\/product"}],"about":[{"href":"https:\/\/rezekne.citro.lv\/ru\/wp-json\/wp\/v2\/types\/product"}],"wp:featuredmedia":[{"embeddable":true,"href":"https:\/\/rezekne.citro.lv\/ru\/wp-json\/wp\/v2\/media\/70317"}],"wp:attachment":[{"href":"https:\/\/rezekne.citro.lv\/ru\/wp-json\/wp\/v2\/media?parent=49048"}],"wp:term":[{"taxonomy":"product_cat","embeddable":true,"href":"https:\/\/rezekne.citro.lv\/ru\/wp-json\/wp\/v2\/product_cat?post=49048"},{"taxonomy":"product_tag","embeddable":true,"href":"https:\/\/rezekne.citro.lv\/ru\/wp-json\/wp\/v2\/product_tag?post=49048"}],"curies":[{"name":"wp","href":"https:\/\/api.w.org\/{rel}","templated":true}]}}