{"id":49049,"date":"2026-03-12T00:06:29","date_gmt":"2026-03-11T22:06:29","guid":{"rendered":"https:\/\/rezekne.citro.lv\/veikals\/plumes-sarkanas-1kg\/"},"modified":"2026-04-08T09:04:45","modified_gmt":"2026-04-08T06:04:45","slug":"plumes-sarkanas-1kg","status":"publish","type":"product","link":"https:\/\/rezekne.citro.lv\/ru\/product\/plumes-sarkanas-1kg\/","title":{"rendered":"PL\u016aMES SARKAN\u0100S 1KG"},"content":{"rendered":"<p>MOLDOVA 2.\u0160\u0136<\/p>\n","protected":false},"excerpt":{"rendered":"<p>2.99 \u20ac\/KG<\/p>\n","protected":false},"featured_media":49686,"template":"","meta":{"_acf_changed":false,"inline_featured_image":false},"product_cat":[97,98],"product_tag":[],"acf":[],"aioseo_notices":[],"_links":{"self":[{"href":"https:\/\/rezekne.citro.lv\/ru\/wp-json\/wp\/v2\/product\/49049"}],"collection":[{"href":"https:\/\/rezekne.citro.lv\/ru\/wp-json\/wp\/v2\/product"}],"about":[{"href":"https:\/\/rezekne.citro.lv\/ru\/wp-json\/wp\/v2\/types\/product"}],"wp:featuredmedia":[{"embeddable":true,"href":"https:\/\/rezekne.citro.lv\/ru\/wp-json\/wp\/v2\/media\/49686"}],"wp:attachment":[{"href":"https:\/\/rezekne.citro.lv\/ru\/wp-json\/wp\/v2\/media?parent=49049"}],"wp:term":[{"taxonomy":"product_cat","embeddable":true,"href":"https:\/\/rezekne.citro.lv\/ru\/wp-json\/wp\/v2\/product_cat?post=49049"},{"taxonomy":"product_tag","embeddable":true,"href":"https:\/\/rezekne.citro.lv\/ru\/wp-json\/wp\/v2\/product_tag?post=49049"}],"curies":[{"name":"wp","href":"https:\/\/api.w.org\/{rel}","templated":true}]}}