{"id":49054,"date":"2026-03-26T01:04:50","date_gmt":"2026-03-25T23:04:50","guid":{"rendered":"https:\/\/rezekne.citro.lv\/veikals\/saldejums-eskimos-lode-sok-plomb-sok-glazura-110ml-70g\/"},"modified":"2026-04-06T06:26:19","modified_gmt":"2026-04-06T03:26:19","slug":"saldejums-eskimos-lode-sok-plomb-sok-glazura-110ml-70g","status":"publish","type":"product","link":"https:\/\/rezekne.citro.lv\/ru\/product\/saldejums-eskimos-lode-sok-plomb-sok-glazura-110ml-70g\/","title":{"rendered":"SALD\u0112JUMS ESKIMOS LODE \u0160OK. PLOMB. \u0160OK. GLAZ\u016aR\u0100 110ML\/70G"},"content":{"rendered":"<p>Izcelsmes valsts: Ukraina<\/p>\n","protected":false},"excerpt":{"rendered":"<p>11.29 \u20ac\/KG<\/p>\n","protected":false},"featured_media":26902,"template":"","meta":{"_acf_changed":false,"inline_featured_image":false},"product_cat":[233,234],"product_tag":[],"acf":[],"aioseo_notices":[],"_links":{"self":[{"href":"https:\/\/rezekne.citro.lv\/ru\/wp-json\/wp\/v2\/product\/49054"}],"collection":[{"href":"https:\/\/rezekne.citro.lv\/ru\/wp-json\/wp\/v2\/product"}],"about":[{"href":"https:\/\/rezekne.citro.lv\/ru\/wp-json\/wp\/v2\/types\/product"}],"wp:featuredmedia":[{"embeddable":true,"href":"https:\/\/rezekne.citro.lv\/ru\/wp-json\/wp\/v2\/media\/26902"}],"wp:attachment":[{"href":"https:\/\/rezekne.citro.lv\/ru\/wp-json\/wp\/v2\/media?parent=49054"}],"wp:term":[{"taxonomy":"product_cat","embeddable":true,"href":"https:\/\/rezekne.citro.lv\/ru\/wp-json\/wp\/v2\/product_cat?post=49054"},{"taxonomy":"product_tag","embeddable":true,"href":"https:\/\/rezekne.citro.lv\/ru\/wp-json\/wp\/v2\/product_tag?post=49054"}],"curies":[{"name":"wp","href":"https:\/\/api.w.org\/{rel}","templated":true}]}}