{"id":49067,"date":"2026-03-26T00:45:42","date_gmt":"2026-03-25T22:45:42","guid":{"rendered":"https:\/\/rezekne.citro.lv\/veikals\/irisa-karamele-milky-splash-toffee-roshen-kg\/"},"modified":"2026-05-01T06:10:54","modified_gmt":"2026-05-01T03:10:54","slug":"irisa-karamele-milky-splash-toffee-roshen-kg","status":"publish","type":"product","link":"https:\/\/rezekne.citro.lv\/ru\/product\/irisa-karamele-milky-splash-toffee-roshen-kg\/","title":{"rendered":"\u012aRISA KARAMELE MILKY SPLASH TOFFEE ROSHEN KG"},"content":{"rendered":"<p>Izcelsmes valsts: Ukraina<br \/>Sast\u0101vda\u013cas:cukurs,glikozes s\u012brups,PIENU saturo\u0161s iebiezin\u0101ts produkts(V\u0100JPIENS-27%,cukurs,augu tauki-palmu e\u013c\u013ca,saulespu\u0137u e\u013c\u013ca, LAKTOZE),augu tauki-palmu e\u013c\u013ca,saulespu\u0137u e\u013c\u013ca, SALD\u0100 KR\u0112JUMA pulveris,PIENA tauki,pilnpiena pulveris-2,6%,V\u0100JPIENA pulveris-2,6%,kakao sviests,mitrumuztur\u0113t\u0101js(sorb\u012bta s\u012brups),emulgatori-E471,SOJAS lecit\u012bns, aromatiz\u0113t\u0101ji,\u017eel\u0113jo\u0161ais a\u0123ent(karagin\u0101ns),s\u0101ls.<\/p>\n","protected":false},"excerpt":{"rendered":"<p>7.89 \u20ac\/KG<\/p>\n","protected":false},"featured_media":49354,"template":"","meta":{"_acf_changed":false,"inline_featured_image":false},"product_cat":[125,201],"product_tag":[],"acf":[],"aioseo_notices":[],"_links":{"self":[{"href":"https:\/\/rezekne.citro.lv\/ru\/wp-json\/wp\/v2\/product\/49067"}],"collection":[{"href":"https:\/\/rezekne.citro.lv\/ru\/wp-json\/wp\/v2\/product"}],"about":[{"href":"https:\/\/rezekne.citro.lv\/ru\/wp-json\/wp\/v2\/types\/product"}],"wp:featuredmedia":[{"embeddable":true,"href":"https:\/\/rezekne.citro.lv\/ru\/wp-json\/wp\/v2\/media\/49354"}],"wp:attachment":[{"href":"https:\/\/rezekne.citro.lv\/ru\/wp-json\/wp\/v2\/media?parent=49067"}],"wp:term":[{"taxonomy":"product_cat","embeddable":true,"href":"https:\/\/rezekne.citro.lv\/ru\/wp-json\/wp\/v2\/product_cat?post=49067"},{"taxonomy":"product_tag","embeddable":true,"href":"https:\/\/rezekne.citro.lv\/ru\/wp-json\/wp\/v2\/product_tag?post=49067"}],"curies":[{"name":"wp","href":"https:\/\/api.w.org\/{rel}","templated":true}]}}