{"id":49070,"date":"2026-03-26T00:48:01","date_gmt":"2026-03-25T22:48:01","guid":{"rendered":"https:\/\/rezekne.citro.lv\/veikals\/merce-sokolades-spilva-320g\/"},"modified":"2026-03-26T00:48:04","modified_gmt":"2026-03-25T22:48:04","slug":"merce-sokolades-spilva-320g","status":"publish","type":"product","link":"https:\/\/rezekne.citro.lv\/ru\/product\/merce-sokolades-spilva-320g\/","title":{"rendered":"M\u0112RCE \u0160OKOL\u0100DES SPILVA 320G"},"content":{"rendered":"<p>Izcelsmes valsts: Latvija<\/p>\n","protected":false},"excerpt":{"rendered":"<p>14.97 \u20ac\/KG<\/p>\n","protected":false},"featured_media":4724,"template":"","meta":{"_acf_changed":false,"inline_featured_image":false},"product_cat":[103,193,116,208],"product_tag":[],"acf":[],"aioseo_notices":[],"_links":{"self":[{"href":"https:\/\/rezekne.citro.lv\/ru\/wp-json\/wp\/v2\/product\/49070"}],"collection":[{"href":"https:\/\/rezekne.citro.lv\/ru\/wp-json\/wp\/v2\/product"}],"about":[{"href":"https:\/\/rezekne.citro.lv\/ru\/wp-json\/wp\/v2\/types\/product"}],"wp:featuredmedia":[{"embeddable":true,"href":"https:\/\/rezekne.citro.lv\/ru\/wp-json\/wp\/v2\/media\/4724"}],"wp:attachment":[{"href":"https:\/\/rezekne.citro.lv\/ru\/wp-json\/wp\/v2\/media?parent=49070"}],"wp:term":[{"taxonomy":"product_cat","embeddable":true,"href":"https:\/\/rezekne.citro.lv\/ru\/wp-json\/wp\/v2\/product_cat?post=49070"},{"taxonomy":"product_tag","embeddable":true,"href":"https:\/\/rezekne.citro.lv\/ru\/wp-json\/wp\/v2\/product_tag?post=49070"}],"curies":[{"name":"wp","href":"https:\/\/api.w.org\/{rel}","templated":true}]}}