{"id":49078,"date":"2026-03-26T00:49:04","date_gmt":"2026-03-25T22:49:04","guid":{"rendered":"https:\/\/rezekne.citro.lv\/veikals\/merce-tomatu-hrenovina-ar-marrutkiem-280g\/"},"modified":"2026-03-29T06:26:47","modified_gmt":"2026-03-29T04:26:47","slug":"merce-tomatu-hrenovina-ar-marrutkiem-280g","status":"publish","type":"product","link":"https:\/\/rezekne.citro.lv\/ru\/product\/merce-tomatu-hrenovina-ar-marrutkiem-280g\/","title":{"rendered":"M\u0112RCE TOM\u0100TU HRENOVINA AR M\u0100RRUTKIEM 280G"},"content":{"rendered":"<p>Izcelsmes valsts: Lietuva<\/p>\n","protected":false},"excerpt":{"rendered":"<p>7.68 \u20ac\/KG<\/p>\n","protected":false},"featured_media":32274,"template":"","meta":{"_acf_changed":false,"inline_featured_image":false},"product_cat":[116,533],"product_tag":[],"acf":[],"aioseo_notices":[],"_links":{"self":[{"href":"https:\/\/rezekne.citro.lv\/ru\/wp-json\/wp\/v2\/product\/49078"}],"collection":[{"href":"https:\/\/rezekne.citro.lv\/ru\/wp-json\/wp\/v2\/product"}],"about":[{"href":"https:\/\/rezekne.citro.lv\/ru\/wp-json\/wp\/v2\/types\/product"}],"wp:featuredmedia":[{"embeddable":true,"href":"https:\/\/rezekne.citro.lv\/ru\/wp-json\/wp\/v2\/media\/32274"}],"wp:attachment":[{"href":"https:\/\/rezekne.citro.lv\/ru\/wp-json\/wp\/v2\/media?parent=49078"}],"wp:term":[{"taxonomy":"product_cat","embeddable":true,"href":"https:\/\/rezekne.citro.lv\/ru\/wp-json\/wp\/v2\/product_cat?post=49078"},{"taxonomy":"product_tag","embeddable":true,"href":"https:\/\/rezekne.citro.lv\/ru\/wp-json\/wp\/v2\/product_tag?post=49078"}],"curies":[{"name":"wp","href":"https:\/\/api.w.org\/{rel}","templated":true}]}}