{"id":49102,"date":"2026-03-26T00:47:11","date_gmt":"2026-03-25T22:47:11","guid":{"rendered":"https:\/\/rezekne.citro.lv\/veikals\/desa-zaveta-sviestmaizu-noo-cepeskungs-135g\/"},"modified":"2026-04-21T18:00:16","modified_gmt":"2026-04-21T15:00:16","slug":"desa-zaveta-sviestmaizu-noo-cepeskungs-135g","status":"publish","type":"product","link":"https:\/\/rezekne.citro.lv\/ru\/product\/desa-zaveta-sviestmaizu-noo-cepeskungs-135g\/","title":{"rendered":"DESA \u017d\u0100V\u0112TA SVIESTMAI\u017dU NOO CEPE\u0160KUNGS 135G"},"content":{"rendered":"<p>Izcelsmes valsts: Igaunija<\/p>\n","protected":false},"excerpt":{"rendered":"<p>12.52 \u20ac\/KG<\/p>\n","protected":false},"featured_media":75870,"template":"","meta":{"_acf_changed":false,"inline_featured_image":false},"product_cat":[135,178],"product_tag":[],"acf":[],"aioseo_notices":[],"_links":{"self":[{"href":"https:\/\/rezekne.citro.lv\/ru\/wp-json\/wp\/v2\/product\/49102"}],"collection":[{"href":"https:\/\/rezekne.citro.lv\/ru\/wp-json\/wp\/v2\/product"}],"about":[{"href":"https:\/\/rezekne.citro.lv\/ru\/wp-json\/wp\/v2\/types\/product"}],"wp:featuredmedia":[{"embeddable":true,"href":"https:\/\/rezekne.citro.lv\/ru\/wp-json\/wp\/v2\/media\/75870"}],"wp:attachment":[{"href":"https:\/\/rezekne.citro.lv\/ru\/wp-json\/wp\/v2\/media?parent=49102"}],"wp:term":[{"taxonomy":"product_cat","embeddable":true,"href":"https:\/\/rezekne.citro.lv\/ru\/wp-json\/wp\/v2\/product_cat?post=49102"},{"taxonomy":"product_tag","embeddable":true,"href":"https:\/\/rezekne.citro.lv\/ru\/wp-json\/wp\/v2\/product_tag?post=49102"}],"curies":[{"name":"wp","href":"https:\/\/api.w.org\/{rel}","templated":true}]}}