{"id":49112,"date":"2026-04-23T01:16:10","date_gmt":"2026-04-22T22:16:10","guid":{"rendered":"https:\/\/rezekne.citro.lv\/veikals\/saldejums-eskimo-lode-plombira-vanilas-g-110ml-70g\/"},"modified":"2026-05-04T06:27:21","modified_gmt":"2026-05-04T03:27:21","slug":"saldejums-eskimo-lode-plombira-vanilas-g-110ml-70g","status":"publish","type":"product","link":"https:\/\/rezekne.citro.lv\/ru\/product\/saldejums-eskimo-lode-plombira-vanilas-g-110ml-70g\/","title":{"rendered":"SALD\u0112JUMS ESKIMO LODE PLOMB\u012aRA VANI\u013bAS G. 110ML\/70G"},"content":{"rendered":"<p>Izcelsmes valsts: Ukraina<\/p>\n","protected":false},"excerpt":{"rendered":"<p>12.71 \u20ac\/KG<\/p>\n","protected":false},"featured_media":19450,"template":"","meta":{"_acf_changed":false,"inline_featured_image":false},"product_cat":[233,234],"product_tag":[],"acf":[],"aioseo_notices":[],"_links":{"self":[{"href":"https:\/\/rezekne.citro.lv\/ru\/wp-json\/wp\/v2\/product\/49112"}],"collection":[{"href":"https:\/\/rezekne.citro.lv\/ru\/wp-json\/wp\/v2\/product"}],"about":[{"href":"https:\/\/rezekne.citro.lv\/ru\/wp-json\/wp\/v2\/types\/product"}],"wp:featuredmedia":[{"embeddable":true,"href":"https:\/\/rezekne.citro.lv\/ru\/wp-json\/wp\/v2\/media\/19450"}],"wp:attachment":[{"href":"https:\/\/rezekne.citro.lv\/ru\/wp-json\/wp\/v2\/media?parent=49112"}],"wp:term":[{"taxonomy":"product_cat","embeddable":true,"href":"https:\/\/rezekne.citro.lv\/ru\/wp-json\/wp\/v2\/product_cat?post=49112"},{"taxonomy":"product_tag","embeddable":true,"href":"https:\/\/rezekne.citro.lv\/ru\/wp-json\/wp\/v2\/product_tag?post=49112"}],"curies":[{"name":"wp","href":"https:\/\/api.w.org\/{rel}","templated":true}]}}