{"id":49127,"date":"2026-01-02T00:47:58","date_gmt":"2026-01-01T22:47:58","guid":{"rendered":"https:\/\/rezekne.citro.lv\/veikals\/forele-mazsalita-ar-adu-zamelsons-140g\/"},"modified":"2026-05-01T12:00:44","modified_gmt":"2026-05-01T09:00:44","slug":"forele-mazsalita-ar-adu-zamelsons-140g","status":"publish","type":"product","link":"https:\/\/rezekne.citro.lv\/ru\/product\/forele-mazsalita-ar-adu-zamelsons-140g\/","title":{"rendered":"FORELE MAZS\u0100L\u012aTA AR \u0100DU ZAMELSONS 140G"},"content":{"rendered":"<p>Izcelsmes valsts: Latvija<\/p>\n","protected":false},"excerpt":{"rendered":"<p>32.79 \u20ac\/KG<\/p>\n","protected":false},"featured_media":60963,"template":"","meta":{"_acf_changed":false,"inline_featured_image":false},"product_cat":[135,136],"product_tag":[],"acf":[],"aioseo_notices":[],"_links":{"self":[{"href":"https:\/\/rezekne.citro.lv\/ru\/wp-json\/wp\/v2\/product\/49127"}],"collection":[{"href":"https:\/\/rezekne.citro.lv\/ru\/wp-json\/wp\/v2\/product"}],"about":[{"href":"https:\/\/rezekne.citro.lv\/ru\/wp-json\/wp\/v2\/types\/product"}],"wp:featuredmedia":[{"embeddable":true,"href":"https:\/\/rezekne.citro.lv\/ru\/wp-json\/wp\/v2\/media\/60963"}],"wp:attachment":[{"href":"https:\/\/rezekne.citro.lv\/ru\/wp-json\/wp\/v2\/media?parent=49127"}],"wp:term":[{"taxonomy":"product_cat","embeddable":true,"href":"https:\/\/rezekne.citro.lv\/ru\/wp-json\/wp\/v2\/product_cat?post=49127"},{"taxonomy":"product_tag","embeddable":true,"href":"https:\/\/rezekne.citro.lv\/ru\/wp-json\/wp\/v2\/product_tag?post=49127"}],"curies":[{"name":"wp","href":"https:\/\/api.w.org\/{rel}","templated":true}]}}