{"id":49146,"date":"2026-03-26T00:46:19","date_gmt":"2026-03-25T22:46:19","guid":{"rendered":"https:\/\/rezekne.citro.lv\/veikals\/cipsi-bruno-risu-ar-krejumu-un-sipoliem-60g\/"},"modified":"2026-03-26T00:46:20","modified_gmt":"2026-03-25T22:46:20","slug":"cipsi-bruno-risu-ar-krejumu-un-sipoliem-60g","status":"publish","type":"product","link":"https:\/\/rezekne.citro.lv\/ru\/product\/cipsi-bruno-risu-ar-krejumu-un-sipoliem-60g\/","title":{"rendered":"\u010cIPSI BR\u016aNO R\u012aSU AR KR\u0112JUMU UN S\u012aPOLIEM 60G"},"content":{"rendered":"<p>Izcelsmes valsts: Rum\u0101nija<\/p>\n","protected":false},"excerpt":{"rendered":"<p>24.83 \u20ac\/KG<\/p>\n","protected":false},"featured_media":31128,"template":"","meta":{"_acf_changed":false,"inline_featured_image":false},"product_cat":[215,563],"product_tag":[],"acf":[],"aioseo_notices":[],"_links":{"self":[{"href":"https:\/\/rezekne.citro.lv\/ru\/wp-json\/wp\/v2\/product\/49146"}],"collection":[{"href":"https:\/\/rezekne.citro.lv\/ru\/wp-json\/wp\/v2\/product"}],"about":[{"href":"https:\/\/rezekne.citro.lv\/ru\/wp-json\/wp\/v2\/types\/product"}],"wp:featuredmedia":[{"embeddable":true,"href":"https:\/\/rezekne.citro.lv\/ru\/wp-json\/wp\/v2\/media\/31128"}],"wp:attachment":[{"href":"https:\/\/rezekne.citro.lv\/ru\/wp-json\/wp\/v2\/media?parent=49146"}],"wp:term":[{"taxonomy":"product_cat","embeddable":true,"href":"https:\/\/rezekne.citro.lv\/ru\/wp-json\/wp\/v2\/product_cat?post=49146"},{"taxonomy":"product_tag","embeddable":true,"href":"https:\/\/rezekne.citro.lv\/ru\/wp-json\/wp\/v2\/product_tag?post=49146"}],"curies":[{"name":"wp","href":"https:\/\/api.w.org\/{rel}","templated":true}]}}