{"id":49154,"date":"2024-11-21T00:27:20","date_gmt":"2024-11-20T22:27:20","guid":{"rendered":"https:\/\/rezekne.citro.lv\/veikals\/skabais-krems-20-400g-pleve\/"},"modified":"2026-05-04T18:00:14","modified_gmt":"2026-05-04T15:00:14","slug":"skabais-krems-20-400g-pleve","status":"publish","type":"product","link":"https:\/\/rezekne.citro.lv\/ru\/product\/skabais-krems-20-400g-pleve\/","title":{"rendered":"SK\u0100BAIS KR\u0112MS 20% 400G PL\u0112V\u0112"},"content":{"rendered":"<p>Izcelsmes valsts: Latvija<\/p>\n","protected":false},"excerpt":{"rendered":"<p>2.48 \u20ac\/KG<\/p>\n","protected":false},"featured_media":49282,"template":"","meta":{"_acf_changed":false,"inline_featured_image":false},"product_cat":[95,150],"product_tag":[],"acf":[],"aioseo_notices":[],"_links":{"self":[{"href":"https:\/\/rezekne.citro.lv\/ru\/wp-json\/wp\/v2\/product\/49154"}],"collection":[{"href":"https:\/\/rezekne.citro.lv\/ru\/wp-json\/wp\/v2\/product"}],"about":[{"href":"https:\/\/rezekne.citro.lv\/ru\/wp-json\/wp\/v2\/types\/product"}],"wp:featuredmedia":[{"embeddable":true,"href":"https:\/\/rezekne.citro.lv\/ru\/wp-json\/wp\/v2\/media\/49282"}],"wp:attachment":[{"href":"https:\/\/rezekne.citro.lv\/ru\/wp-json\/wp\/v2\/media?parent=49154"}],"wp:term":[{"taxonomy":"product_cat","embeddable":true,"href":"https:\/\/rezekne.citro.lv\/ru\/wp-json\/wp\/v2\/product_cat?post=49154"},{"taxonomy":"product_tag","embeddable":true,"href":"https:\/\/rezekne.citro.lv\/ru\/wp-json\/wp\/v2\/product_tag?post=49154"}],"curies":[{"name":"wp","href":"https:\/\/api.w.org\/{rel}","templated":true}]}}