{"id":49167,"date":"2026-04-09T00:16:28","date_gmt":"2026-04-08T21:16:28","guid":{"rendered":"https:\/\/rezekne.citro.lv\/veikals\/forevers-desa-var-brokastu-ar-speki-900g\/"},"modified":"2026-04-11T06:28:34","modified_gmt":"2026-04-11T03:28:34","slug":"forevers-desa-var-brokastu-ar-speki-900g","status":"publish","type":"product","link":"https:\/\/rezekne.citro.lv\/ru\/product\/forevers-desa-var-brokastu-ar-speki-900g\/","title":{"rendered":"FOREVERS DESA V\u0100R. BROKASTU AR SPE\u0136I 900G"},"content":{"rendered":"<p>Izcelsmes valsts: Latvija<br \/>Ra\u017eot\u0101js: SIA Forevers uzglab\u0101\u0161anas temp.+2-+6C<\/p>\n","protected":false},"excerpt":{"rendered":"<p>2.88 \u20ac\/KG<\/p>\n","protected":false},"featured_media":50854,"template":"","meta":{"_acf_changed":false,"inline_featured_image":false},"product_cat":[135,144],"product_tag":[],"acf":[],"aioseo_notices":[],"_links":{"self":[{"href":"https:\/\/rezekne.citro.lv\/ru\/wp-json\/wp\/v2\/product\/49167"}],"collection":[{"href":"https:\/\/rezekne.citro.lv\/ru\/wp-json\/wp\/v2\/product"}],"about":[{"href":"https:\/\/rezekne.citro.lv\/ru\/wp-json\/wp\/v2\/types\/product"}],"wp:featuredmedia":[{"embeddable":true,"href":"https:\/\/rezekne.citro.lv\/ru\/wp-json\/wp\/v2\/media\/50854"}],"wp:attachment":[{"href":"https:\/\/rezekne.citro.lv\/ru\/wp-json\/wp\/v2\/media?parent=49167"}],"wp:term":[{"taxonomy":"product_cat","embeddable":true,"href":"https:\/\/rezekne.citro.lv\/ru\/wp-json\/wp\/v2\/product_cat?post=49167"},{"taxonomy":"product_tag","embeddable":true,"href":"https:\/\/rezekne.citro.lv\/ru\/wp-json\/wp\/v2\/product_tag?post=49167"}],"curies":[{"name":"wp","href":"https:\/\/api.w.org\/{rel}","templated":true}]}}