{"id":49193,"date":"2026-05-07T00:16:38","date_gmt":"2026-05-06T21:16:38","guid":{"rendered":"https:\/\/rezekne.citro.lv\/veikals\/grozini-pildisanai-mazie-20gab-60g\/"},"modified":"2026-05-10T06:28:09","modified_gmt":"2026-05-10T03:28:09","slug":"grozini-pildisanai-mazie-20gab-60g","status":"publish","type":"product","link":"https:\/\/rezekne.citro.lv\/ru\/product\/grozini-pildisanai-mazie-20gab-60g\/","title":{"rendered":"GROZI\u0145I PILD\u012a\u0160ANAI MAZIE 20GAB. 60G"},"content":{"rendered":"<p>Izcelsmes valsts: Ukraina<\/p>\n","protected":false},"excerpt":{"rendered":"<p>13.17 \u20ac\/KG<\/p>\n","protected":false},"featured_media":49254,"template":"","meta":{"_acf_changed":false,"inline_featured_image":false},"product_cat":[109,110],"product_tag":[],"acf":[],"aioseo_notices":[],"_links":{"self":[{"href":"https:\/\/rezekne.citro.lv\/ru\/wp-json\/wp\/v2\/product\/49193"}],"collection":[{"href":"https:\/\/rezekne.citro.lv\/ru\/wp-json\/wp\/v2\/product"}],"about":[{"href":"https:\/\/rezekne.citro.lv\/ru\/wp-json\/wp\/v2\/types\/product"}],"wp:featuredmedia":[{"embeddable":true,"href":"https:\/\/rezekne.citro.lv\/ru\/wp-json\/wp\/v2\/media\/49254"}],"wp:attachment":[{"href":"https:\/\/rezekne.citro.lv\/ru\/wp-json\/wp\/v2\/media?parent=49193"}],"wp:term":[{"taxonomy":"product_cat","embeddable":true,"href":"https:\/\/rezekne.citro.lv\/ru\/wp-json\/wp\/v2\/product_cat?post=49193"},{"taxonomy":"product_tag","embeddable":true,"href":"https:\/\/rezekne.citro.lv\/ru\/wp-json\/wp\/v2\/product_tag?post=49193"}],"curies":[{"name":"wp","href":"https:\/\/api.w.org\/{rel}","templated":true}]}}