{"id":49195,"date":"2026-02-12T00:15:10","date_gmt":"2026-02-11T22:15:10","guid":{"rendered":"https:\/\/rezekne.citro.lv\/veikals\/kecups-tomatu-originalais-spilva-500g\/"},"modified":"2026-04-03T06:26:31","modified_gmt":"2026-04-03T03:26:31","slug":"kecups-tomatu-originalais-spilva-500g","status":"publish","type":"product","link":"https:\/\/rezekne.citro.lv\/ru\/product\/kecups-tomatu-originalais-spilva-500g\/","title":{"rendered":"KE\u010cUPS TOM\u0100TU ORI\u0122IN\u0100LAIS SPILVA 500G"},"content":{"rendered":"<p>Izcelsmes valsts: Zviedrija<\/p>\n","protected":false},"excerpt":{"rendered":"<p>6.70 \u20ac\/KG<\/p>\n","protected":false},"featured_media":29675,"template":"","meta":{"_acf_changed":false,"inline_featured_image":false},"product_cat":[116,533],"product_tag":[],"acf":[],"aioseo_notices":[],"_links":{"self":[{"href":"https:\/\/rezekne.citro.lv\/ru\/wp-json\/wp\/v2\/product\/49195"}],"collection":[{"href":"https:\/\/rezekne.citro.lv\/ru\/wp-json\/wp\/v2\/product"}],"about":[{"href":"https:\/\/rezekne.citro.lv\/ru\/wp-json\/wp\/v2\/types\/product"}],"wp:featuredmedia":[{"embeddable":true,"href":"https:\/\/rezekne.citro.lv\/ru\/wp-json\/wp\/v2\/media\/29675"}],"wp:attachment":[{"href":"https:\/\/rezekne.citro.lv\/ru\/wp-json\/wp\/v2\/media?parent=49195"}],"wp:term":[{"taxonomy":"product_cat","embeddable":true,"href":"https:\/\/rezekne.citro.lv\/ru\/wp-json\/wp\/v2\/product_cat?post=49195"},{"taxonomy":"product_tag","embeddable":true,"href":"https:\/\/rezekne.citro.lv\/ru\/wp-json\/wp\/v2\/product_tag?post=49195"}],"curies":[{"name":"wp","href":"https:\/\/api.w.org\/{rel}","templated":true}]}}