{"id":49203,"date":"2026-04-23T01:00:04","date_gmt":"2026-04-22T22:00:04","guid":{"rendered":"https:\/\/rezekne.citro.lv\/veikals\/jogurts-grieku-ar-auzu-parslam-aboliem-un-kaneli-baltais-160g\/"},"modified":"2026-05-05T06:10:25","modified_gmt":"2026-05-05T03:10:25","slug":"jogurts-grieku-ar-auzu-parslam-aboliem-un-kaneli-baltais-160g","status":"publish","type":"product","link":"https:\/\/rezekne.citro.lv\/ru\/product\/jogurts-grieku-ar-auzu-parslam-aboliem-un-kaneli-baltais-160g\/","title":{"rendered":"JOGURTS GRIE\u0136U AR AUZU P\u0100RSL\u0100M, \u0100BOLIEM UN KAN\u0112LI 160G"},"content":{"rendered":"<p>Izcelsmes valsts: Latvija<\/p>\n","protected":false},"excerpt":{"rendered":"<p>6.19 \u20ac\/KG<\/p>\n","protected":false},"featured_media":8663,"template":"","meta":{"_acf_changed":false,"inline_featured_image":false},"product_cat":[95,100],"product_tag":[],"acf":[],"aioseo_notices":[],"_links":{"self":[{"href":"https:\/\/rezekne.citro.lv\/ru\/wp-json\/wp\/v2\/product\/49203"}],"collection":[{"href":"https:\/\/rezekne.citro.lv\/ru\/wp-json\/wp\/v2\/product"}],"about":[{"href":"https:\/\/rezekne.citro.lv\/ru\/wp-json\/wp\/v2\/types\/product"}],"wp:featuredmedia":[{"embeddable":true,"href":"https:\/\/rezekne.citro.lv\/ru\/wp-json\/wp\/v2\/media\/8663"}],"wp:attachment":[{"href":"https:\/\/rezekne.citro.lv\/ru\/wp-json\/wp\/v2\/media?parent=49203"}],"wp:term":[{"taxonomy":"product_cat","embeddable":true,"href":"https:\/\/rezekne.citro.lv\/ru\/wp-json\/wp\/v2\/product_cat?post=49203"},{"taxonomy":"product_tag","embeddable":true,"href":"https:\/\/rezekne.citro.lv\/ru\/wp-json\/wp\/v2\/product_tag?post=49203"}],"curies":[{"name":"wp","href":"https:\/\/api.w.org\/{rel}","templated":true}]}}