{"id":49206,"date":"2021-04-29T01:14:29","date_gmt":"2021-04-28T22:14:29","guid":{"rendered":"https:\/\/rezekne.citro.lv\/veikals\/sok-tafelite-karl-fazer-ar-mellenu-kraukskiem-190gg\/"},"modified":"2021-06-10T12:52:46","modified_gmt":"2021-06-10T09:52:46","slug":"sok-tafelite-karl-fazer-ar-mellenu-kraukskiem-190gg","status":"publish","type":"product","link":"https:\/\/rezekne.citro.lv\/ru\/product\/sok-tafelite-karl-fazer-ar-mellenu-kraukskiem-190gg\/","title":{"rendered":"\u0160OK.T\u0100FEL\u012aTE KARL FAZER AR MELLE\u0145U KRAUK\u0160\u0136IEM 190GG"},"content":{"rendered":"","protected":false},"excerpt":{"rendered":"<p>14.16 \u20ac\/KG<\/p>\n","protected":false},"featured_media":51079,"template":"","meta":{"_acf_changed":false,"inline_featured_image":false},"product_cat":[125,134],"product_tag":[],"acf":[],"aioseo_notices":[],"_links":{"self":[{"href":"https:\/\/rezekne.citro.lv\/ru\/wp-json\/wp\/v2\/product\/49206"}],"collection":[{"href":"https:\/\/rezekne.citro.lv\/ru\/wp-json\/wp\/v2\/product"}],"about":[{"href":"https:\/\/rezekne.citro.lv\/ru\/wp-json\/wp\/v2\/types\/product"}],"wp:featuredmedia":[{"embeddable":true,"href":"https:\/\/rezekne.citro.lv\/ru\/wp-json\/wp\/v2\/media\/51079"}],"wp:attachment":[{"href":"https:\/\/rezekne.citro.lv\/ru\/wp-json\/wp\/v2\/media?parent=49206"}],"wp:term":[{"taxonomy":"product_cat","embeddable":true,"href":"https:\/\/rezekne.citro.lv\/ru\/wp-json\/wp\/v2\/product_cat?post=49206"},{"taxonomy":"product_tag","embeddable":true,"href":"https:\/\/rezekne.citro.lv\/ru\/wp-json\/wp\/v2\/product_tag?post=49206"}],"curies":[{"name":"wp","href":"https:\/\/api.w.org\/{rel}","templated":true}]}}