{"id":49477,"date":"2026-03-26T01:03:31","date_gmt":"2026-03-25T23:03:31","guid":{"rendered":"https:\/\/rezekne.citro.lv\/veikals\/deserts-panna-cotta-ar-zemenu-merci-citro-180g\/"},"modified":"2026-05-02T09:00:20","modified_gmt":"2026-05-02T06:00:20","slug":"deserts-panna-cotta-ar-zemenu-merci-citro-180g","status":"publish","type":"product","link":"https:\/\/rezekne.citro.lv\/ru\/product\/deserts-panna-cotta-ar-zemenu-merci-citro-180g\/","title":{"rendered":"DESERTS PANNA COTTA AR ZEME\u0145U M\u0112RCI CITRO 180G"},"content":{"rendered":"<p>Izcelsmes valsts: Latvija<br \/>Sast\u0101vda\u013cas: panna cotta 83.3%{konditorejas kr\u0113ms ar cukuru ((\u016bdens, piln\u012bgi hidrogen\u0113ta palmu kodolu e\u013c\u013ca25%, cukurs 12%, PIENA olbaltumvielas, emulgatori E472b, E322(SOJA), E 472e; stabiliz\u0113t\u0101ji: E460, E466, E340;aromatiz\u0113t\u0101js, kr\u0101sviela E160a)): PIENS UHT t.s 3.2%:cukurs: citronu mizi\u0146u pasta((cukurs, citronu mizi\u0146a 33%, \u016bdens, dab\u012bgs citron arom\u0101ts ar cit\u0101m dab\u012bg\u0101m arom\u0101tviel\u0101m, sk\u0101buma regul\u0113t\u0101js:citronsk\u0101be, stabiliz\u0113t\u0101js celulozes sve\u0137i): \u016bdens, p\u0101rtikas \u017eelat\u012bns: cukurs ar vanil\u012bnu(cukurs 99.5%,aromatiz\u0113t\u0101js, etilvanil\u012bns)}: zeme\u0146u m\u0113rce16.7%{zemenes 78%, cukurs, citronsk\u0101be E330}; Uzglab\u0101\u0161anas temperat\u016bra +2-+6C  Inform\u0101cija par uzturv\u0113rt\u012bbu:100 g produkta satur: ener\u0123\u0113tisk\u0101 v\u0113rt\u012bba 782 kJ \/ 187kcal; tauki 10.2g, tostarp pies\u0101tin\u0101t\u0101s tauksk\u0101bes 9.9g; og\u013chidr\u0101ti 20.5g, tostarp cukuri 20.1g; \u0161\u0137iedrvielas 0.4g; olbaltumvielas 3.1g; s\u0101ls 0.1g.<\/p>\n","protected":false},"excerpt":{"rendered":"<p>7.72 \u20ac\/KG<\/p>\n","protected":false},"featured_media":55479,"template":"","meta":{"_acf_changed":false,"inline_featured_image":false},"product_cat":[113,221],"product_tag":[],"acf":[],"aioseo_notices":[],"_links":{"self":[{"href":"https:\/\/rezekne.citro.lv\/ru\/wp-json\/wp\/v2\/product\/49477"}],"collection":[{"href":"https:\/\/rezekne.citro.lv\/ru\/wp-json\/wp\/v2\/product"}],"about":[{"href":"https:\/\/rezekne.citro.lv\/ru\/wp-json\/wp\/v2\/types\/product"}],"wp:featuredmedia":[{"embeddable":true,"href":"https:\/\/rezekne.citro.lv\/ru\/wp-json\/wp\/v2\/media\/55479"}],"wp:attachment":[{"href":"https:\/\/rezekne.citro.lv\/ru\/wp-json\/wp\/v2\/media?parent=49477"}],"wp:term":[{"taxonomy":"product_cat","embeddable":true,"href":"https:\/\/rezekne.citro.lv\/ru\/wp-json\/wp\/v2\/product_cat?post=49477"},{"taxonomy":"product_tag","embeddable":true,"href":"https:\/\/rezekne.citro.lv\/ru\/wp-json\/wp\/v2\/product_tag?post=49477"}],"curies":[{"name":"wp","href":"https:\/\/api.w.org\/{rel}","templated":true}]}}