{"id":49509,"date":"2026-03-26T01:01:33","date_gmt":"2026-03-25T23:01:33","guid":{"rendered":"https:\/\/rezekne.citro.lv\/veikals\/vienr-trauki-skivji-zupai-bio-cukurniedru-balti-400ml-10gab\/"},"modified":"2026-04-04T06:27:55","modified_gmt":"2026-04-04T03:27:55","slug":"vienr-trauki-skivji-zupai-bio-cukurniedru-balti-400ml-10gab","status":"publish","type":"product","link":"https:\/\/rezekne.citro.lv\/ru\/product\/vienr-trauki-skivji-zupai-bio-cukurniedru-balti-400ml-10gab\/","title":{"rendered":"VIENR. TRAUKI \u0160\u0136\u012aVJI ZUPAI BIO CUKURNIEDRU BALTI 400ML 10GAB."},"content":{"rendered":"","protected":false},"excerpt":{"rendered":"<p>0.10 \u20ac\/GAB<\/p>\n","protected":false},"featured_media":53928,"template":"","meta":{"_acf_changed":false,"inline_featured_image":false},"product_cat":[131,183],"product_tag":[],"acf":[],"aioseo_notices":[],"_links":{"self":[{"href":"https:\/\/rezekne.citro.lv\/ru\/wp-json\/wp\/v2\/product\/49509"}],"collection":[{"href":"https:\/\/rezekne.citro.lv\/ru\/wp-json\/wp\/v2\/product"}],"about":[{"href":"https:\/\/rezekne.citro.lv\/ru\/wp-json\/wp\/v2\/types\/product"}],"wp:featuredmedia":[{"embeddable":true,"href":"https:\/\/rezekne.citro.lv\/ru\/wp-json\/wp\/v2\/media\/53928"}],"wp:attachment":[{"href":"https:\/\/rezekne.citro.lv\/ru\/wp-json\/wp\/v2\/media?parent=49509"}],"wp:term":[{"taxonomy":"product_cat","embeddable":true,"href":"https:\/\/rezekne.citro.lv\/ru\/wp-json\/wp\/v2\/product_cat?post=49509"},{"taxonomy":"product_tag","embeddable":true,"href":"https:\/\/rezekne.citro.lv\/ru\/wp-json\/wp\/v2\/product_tag?post=49509"}],"curies":[{"name":"wp","href":"https:\/\/api.w.org\/{rel}","templated":true}]}}