{"id":49570,"date":"2025-09-11T07:17:51","date_gmt":"2025-09-11T04:17:51","guid":{"rendered":"https:\/\/rezekne.citro.lv\/veikals\/garsv-marinade-ar-kiploku-garsu-santa-maria-75g\/"},"modified":"2026-03-13T06:13:45","modified_gmt":"2026-03-13T04:13:45","slug":"garsv-marinade-ar-kiploku-garsu-santa-maria-75g","status":"publish","type":"product","link":"https:\/\/rezekne.citro.lv\/ru\/product\/garsv-marinade-ar-kiploku-garsu-santa-maria-75g\/","title":{"rendered":"GAR\u0160V. MARIN\u0100DE AR \u0136IPLOKU GAR\u0160U SANTA MARIA 75G"},"content":{"rendered":"<p>Izcelsmes valsts: Zviedrija<\/p>\n","protected":false},"excerpt":{"rendered":"<p>13.20 \u20ac\/KG<\/p>\n","protected":false},"featured_media":5372,"template":"","meta":{"_acf_changed":false,"inline_featured_image":false},"product_cat":[116,165],"product_tag":[],"acf":[],"aioseo_notices":[],"_links":{"self":[{"href":"https:\/\/rezekne.citro.lv\/ru\/wp-json\/wp\/v2\/product\/49570"}],"collection":[{"href":"https:\/\/rezekne.citro.lv\/ru\/wp-json\/wp\/v2\/product"}],"about":[{"href":"https:\/\/rezekne.citro.lv\/ru\/wp-json\/wp\/v2\/types\/product"}],"wp:featuredmedia":[{"embeddable":true,"href":"https:\/\/rezekne.citro.lv\/ru\/wp-json\/wp\/v2\/media\/5372"}],"wp:attachment":[{"href":"https:\/\/rezekne.citro.lv\/ru\/wp-json\/wp\/v2\/media?parent=49570"}],"wp:term":[{"taxonomy":"product_cat","embeddable":true,"href":"https:\/\/rezekne.citro.lv\/ru\/wp-json\/wp\/v2\/product_cat?post=49570"},{"taxonomy":"product_tag","embeddable":true,"href":"https:\/\/rezekne.citro.lv\/ru\/wp-json\/wp\/v2\/product_tag?post=49570"}],"curies":[{"name":"wp","href":"https:\/\/api.w.org\/{rel}","templated":true}]}}