{"id":49571,"date":"2026-04-16T00:02:50","date_gmt":"2026-04-15T21:02:50","guid":{"rendered":"https:\/\/rezekne.citro.lv\/veikals\/garsv-marinade-santa-maria-vistas-galai-75g\/"},"modified":"2026-04-16T06:29:34","modified_gmt":"2026-04-16T03:29:34","slug":"garsv-marinade-santa-maria-vistas-galai-75g","status":"publish","type":"product","link":"https:\/\/rezekne.citro.lv\/ru\/product\/garsv-marinade-santa-maria-vistas-galai-75g\/","title":{"rendered":"GAR\u0160V. MARIN\u0100DE SANTA MARIA VISTAS GA\u013bAI 75G"},"content":{"rendered":"<p>Izcelsmes valsts: Zviedrija<\/p>\n","protected":false},"excerpt":{"rendered":"<p>13.20 \u20ac\/KG<\/p>\n","protected":false},"featured_media":5375,"template":"","meta":{"_acf_changed":false,"inline_featured_image":false},"product_cat":[116,165],"product_tag":[],"acf":[],"aioseo_notices":[],"_links":{"self":[{"href":"https:\/\/rezekne.citro.lv\/ru\/wp-json\/wp\/v2\/product\/49571"}],"collection":[{"href":"https:\/\/rezekne.citro.lv\/ru\/wp-json\/wp\/v2\/product"}],"about":[{"href":"https:\/\/rezekne.citro.lv\/ru\/wp-json\/wp\/v2\/types\/product"}],"wp:featuredmedia":[{"embeddable":true,"href":"https:\/\/rezekne.citro.lv\/ru\/wp-json\/wp\/v2\/media\/5375"}],"wp:attachment":[{"href":"https:\/\/rezekne.citro.lv\/ru\/wp-json\/wp\/v2\/media?parent=49571"}],"wp:term":[{"taxonomy":"product_cat","embeddable":true,"href":"https:\/\/rezekne.citro.lv\/ru\/wp-json\/wp\/v2\/product_cat?post=49571"},{"taxonomy":"product_tag","embeddable":true,"href":"https:\/\/rezekne.citro.lv\/ru\/wp-json\/wp\/v2\/product_tag?post=49571"}],"curies":[{"name":"wp","href":"https:\/\/api.w.org\/{rel}","templated":true}]}}