{"id":49572,"date":"2026-02-26T00:45:03","date_gmt":"2026-02-25T22:45:03","guid":{"rendered":"https:\/\/rezekne.citro.lv\/veikals\/popkorns-salais-99g\/"},"modified":"2026-04-09T06:25:51","modified_gmt":"2026-04-09T03:25:51","slug":"popkorns-salais-99g","status":"publish","type":"product","link":"https:\/\/rezekne.citro.lv\/ru\/product\/popkorns-salais-99g\/","title":{"rendered":"POPKORNS S\u0100\u013bAIS 99G"},"content":{"rendered":"<p>Izcelsmes valsts: Bulg\u0101rija<\/p>\n","protected":false},"excerpt":{"rendered":"<p>7.58 \u20ac\/KG<\/p>\n","protected":false},"featured_media":49649,"template":"","meta":{"_acf_changed":false,"inline_featured_image":false},"product_cat":[599,125,228],"product_tag":[],"acf":[],"aioseo_notices":[],"_links":{"self":[{"href":"https:\/\/rezekne.citro.lv\/ru\/wp-json\/wp\/v2\/product\/49572"}],"collection":[{"href":"https:\/\/rezekne.citro.lv\/ru\/wp-json\/wp\/v2\/product"}],"about":[{"href":"https:\/\/rezekne.citro.lv\/ru\/wp-json\/wp\/v2\/types\/product"}],"wp:featuredmedia":[{"embeddable":true,"href":"https:\/\/rezekne.citro.lv\/ru\/wp-json\/wp\/v2\/media\/49649"}],"wp:attachment":[{"href":"https:\/\/rezekne.citro.lv\/ru\/wp-json\/wp\/v2\/media?parent=49572"}],"wp:term":[{"taxonomy":"product_cat","embeddable":true,"href":"https:\/\/rezekne.citro.lv\/ru\/wp-json\/wp\/v2\/product_cat?post=49572"},{"taxonomy":"product_tag","embeddable":true,"href":"https:\/\/rezekne.citro.lv\/ru\/wp-json\/wp\/v2\/product_tag?post=49572"}],"curies":[{"name":"wp","href":"https:\/\/api.w.org\/{rel}","templated":true}]}}