{"id":49599,"date":"2026-04-23T01:31:56","date_gmt":"2026-04-22T22:31:56","guid":{"rendered":"https:\/\/rezekne.citro.lv\/veikals\/kartupeli-fri-zig-zag-saldeti-450g\/"},"modified":"2026-05-12T06:13:18","modified_gmt":"2026-05-12T03:13:18","slug":"kartupeli-fri-zig-zag-saldeti-450g","status":"publish","type":"product","link":"https:\/\/rezekne.citro.lv\/ru\/product\/kartupeli-fri-zig-zag-saldeti-450g\/","title":{"rendered":"KARTUPE\u013bI FR\u012a ZIG ZAG SALD\u0112TI 450G"},"content":{"rendered":"<p>Izcelsmes valsts: Polija<\/p>\n","protected":false},"excerpt":{"rendered":"<p>4.87 \u20ac\/KG<\/p>\n","protected":false},"featured_media":49634,"template":"","meta":{"_acf_changed":false,"inline_featured_image":false},"product_cat":[231,232],"product_tag":[],"acf":[],"aioseo_notices":[],"_links":{"self":[{"href":"https:\/\/rezekne.citro.lv\/ru\/wp-json\/wp\/v2\/product\/49599"}],"collection":[{"href":"https:\/\/rezekne.citro.lv\/ru\/wp-json\/wp\/v2\/product"}],"about":[{"href":"https:\/\/rezekne.citro.lv\/ru\/wp-json\/wp\/v2\/types\/product"}],"wp:featuredmedia":[{"embeddable":true,"href":"https:\/\/rezekne.citro.lv\/ru\/wp-json\/wp\/v2\/media\/49634"}],"wp:attachment":[{"href":"https:\/\/rezekne.citro.lv\/ru\/wp-json\/wp\/v2\/media?parent=49599"}],"wp:term":[{"taxonomy":"product_cat","embeddable":true,"href":"https:\/\/rezekne.citro.lv\/ru\/wp-json\/wp\/v2\/product_cat?post=49599"},{"taxonomy":"product_tag","embeddable":true,"href":"https:\/\/rezekne.citro.lv\/ru\/wp-json\/wp\/v2\/product_tag?post=49599"}],"curies":[{"name":"wp","href":"https:\/\/api.w.org\/{rel}","templated":true}]}}