{"id":49607,"date":"2024-08-27T11:19:06","date_gmt":"2024-08-27T08:19:06","guid":{"rendered":"https:\/\/rezekne.citro.lv\/veikals\/merce-tomatu-ar-saule-kaltetiem-tomatiem-440g-lido\/"},"modified":"2025-10-02T09:02:35","modified_gmt":"2025-10-02T06:02:35","slug":"merce-tomatu-ar-saule-kaltetiem-tomatiem-440g-lido","status":"publish","type":"product","link":"https:\/\/rezekne.citro.lv\/ru\/product\/merce-tomatu-ar-saule-kaltetiem-tomatiem-440g-lido\/","title":{"rendered":"M\u0112RCE TOM\u0100TU AR SAUL\u0112 KALT\u0112TIEM TOM\u0100TIEM 440G LIDO"},"content":{"rendered":"<p>Izcelsmes valsts: Lietuva<\/p>\n","protected":false},"excerpt":{"rendered":"<p>7.25 \u20ac\/KG<\/p>\n","protected":false},"featured_media":49669,"template":"","meta":{"_acf_changed":false,"inline_featured_image":false},"product_cat":[116,533],"product_tag":[],"acf":[],"aioseo_notices":[],"_links":{"self":[{"href":"https:\/\/rezekne.citro.lv\/ru\/wp-json\/wp\/v2\/product\/49607"}],"collection":[{"href":"https:\/\/rezekne.citro.lv\/ru\/wp-json\/wp\/v2\/product"}],"about":[{"href":"https:\/\/rezekne.citro.lv\/ru\/wp-json\/wp\/v2\/types\/product"}],"wp:featuredmedia":[{"embeddable":true,"href":"https:\/\/rezekne.citro.lv\/ru\/wp-json\/wp\/v2\/media\/49669"}],"wp:attachment":[{"href":"https:\/\/rezekne.citro.lv\/ru\/wp-json\/wp\/v2\/media?parent=49607"}],"wp:term":[{"taxonomy":"product_cat","embeddable":true,"href":"https:\/\/rezekne.citro.lv\/ru\/wp-json\/wp\/v2\/product_cat?post=49607"},{"taxonomy":"product_tag","embeddable":true,"href":"https:\/\/rezekne.citro.lv\/ru\/wp-json\/wp\/v2\/product_tag?post=49607"}],"curies":[{"name":"wp","href":"https:\/\/api.w.org\/{rel}","templated":true}]}}