{"id":49614,"date":"2026-04-23T00:47:03","date_gmt":"2026-04-22T21:47:03","guid":{"rendered":"https:\/\/rezekne.citro.lv\/veikals\/konf-karamele-sweet-drop-kg\/"},"modified":"2026-04-27T12:00:54","modified_gmt":"2026-04-27T09:00:54","slug":"konf-karamele-sweet-drop-kg","status":"publish","type":"product","link":"https:\/\/rezekne.citro.lv\/ru\/product\/konf-karamele-sweet-drop-kg\/","title":{"rendered":"KONF. KARAMELE SWEET DROP KG"},"content":{"rendered":"<p>Izcelsmes valsts: Ukraina<br \/>Piena pild\u012bjums-22%. Sast\u0101vda\u013cas:glikozes s\u012brups,iebiezin\u0101t\u0101 piena izstr\u0101dajums-32%(v\u0101jpiens-48%,cukurs,augu tauki(palmu e\u013c\u013ca),stabiliz\u0113t\u0101js(E407,E339,E332),emulgators(E471,sojas licit\u012bns),aromatiz\u0113t\u0101js),cukurs,piena tauki-4,9%,p\u0101rtikas s\u0101ls,aromatiz\u0113t\u0101js(sald\u0101 kr\u0113juma-vani\u013cas),mitrumuztur\u0113t\u0101js(sorb\u012bts),emulgators(sojas lecit\u012bns). Uzglab\u0101t saus\u0101,v\u0113s\u0101 viet\u0101. Ra\u017eots:Lietuva<\/p>\n","protected":false},"excerpt":{"rendered":"<p>5.29 \u20ac\/KG<\/p>\n","protected":false},"featured_media":49615,"template":"","meta":{"_acf_changed":false,"inline_featured_image":false},"product_cat":[125,201],"product_tag":[],"acf":[],"aioseo_notices":[],"_links":{"self":[{"href":"https:\/\/rezekne.citro.lv\/ru\/wp-json\/wp\/v2\/product\/49614"}],"collection":[{"href":"https:\/\/rezekne.citro.lv\/ru\/wp-json\/wp\/v2\/product"}],"about":[{"href":"https:\/\/rezekne.citro.lv\/ru\/wp-json\/wp\/v2\/types\/product"}],"wp:featuredmedia":[{"embeddable":true,"href":"https:\/\/rezekne.citro.lv\/ru\/wp-json\/wp\/v2\/media\/49615"}],"wp:attachment":[{"href":"https:\/\/rezekne.citro.lv\/ru\/wp-json\/wp\/v2\/media?parent=49614"}],"wp:term":[{"taxonomy":"product_cat","embeddable":true,"href":"https:\/\/rezekne.citro.lv\/ru\/wp-json\/wp\/v2\/product_cat?post=49614"},{"taxonomy":"product_tag","embeddable":true,"href":"https:\/\/rezekne.citro.lv\/ru\/wp-json\/wp\/v2\/product_tag?post=49614"}],"curies":[{"name":"wp","href":"https:\/\/api.w.org\/{rel}","templated":true}]}}