{"id":49706,"date":"2025-09-11T07:08:08","date_gmt":"2025-09-11T04:08:08","guid":{"rendered":"https:\/\/rezekne.citro.lv\/veikals\/bariba-suniem-sausa-terry-de-lux-liellopu-3kg-2\/"},"modified":"2025-09-11T07:08:10","modified_gmt":"2025-09-11T04:08:10","slug":"bariba-suniem-sausa-terry-de-lux-liellopu-3kg","status":"publish","type":"product","link":"https:\/\/rezekne.citro.lv\/ru\/product\/bariba-suniem-sausa-terry-de-lux-liellopu-3kg\/","title":{"rendered":"BAR\u012aBA SU\u0145IEM SAUS\u0100 TERRY DE LUX LIELLOPU 3KG"},"content":{"rendered":"<p>Izcelsmes valsts: Slov\u0101kija<\/p>\n","protected":false},"excerpt":{"rendered":"<p>1.66 \u20ac\/KG<\/p>\n","protected":false},"featured_media":49710,"template":"","meta":{"_acf_changed":false,"inline_featured_image":false},"product_cat":[153,171],"product_tag":[],"acf":[],"aioseo_notices":[],"_links":{"self":[{"href":"https:\/\/rezekne.citro.lv\/ru\/wp-json\/wp\/v2\/product\/49706"}],"collection":[{"href":"https:\/\/rezekne.citro.lv\/ru\/wp-json\/wp\/v2\/product"}],"about":[{"href":"https:\/\/rezekne.citro.lv\/ru\/wp-json\/wp\/v2\/types\/product"}],"wp:featuredmedia":[{"embeddable":true,"href":"https:\/\/rezekne.citro.lv\/ru\/wp-json\/wp\/v2\/media\/49710"}],"wp:attachment":[{"href":"https:\/\/rezekne.citro.lv\/ru\/wp-json\/wp\/v2\/media?parent=49706"}],"wp:term":[{"taxonomy":"product_cat","embeddable":true,"href":"https:\/\/rezekne.citro.lv\/ru\/wp-json\/wp\/v2\/product_cat?post=49706"},{"taxonomy":"product_tag","embeddable":true,"href":"https:\/\/rezekne.citro.lv\/ru\/wp-json\/wp\/v2\/product_tag?post=49706"}],"curies":[{"name":"wp","href":"https:\/\/api.w.org\/{rel}","templated":true}]}}