{"id":49734,"date":"2025-01-10T00:10:51","date_gmt":"2025-01-09T22:10:51","guid":{"rendered":"https:\/\/rezekne.citro.lv\/veikals\/cipsi-kartupelu-plaksnes-longchips-siera-75g\/"},"modified":"2026-04-10T06:26:32","modified_gmt":"2026-04-10T03:26:32","slug":"cipsi-kartupelu-plaksnes-longchips-siera-75g","status":"publish","type":"product","link":"https:\/\/rezekne.citro.lv\/ru\/product\/cipsi-kartupelu-plaksnes-longchips-siera-75g\/","title":{"rendered":"\u010cIPSI KARTUPE\u013bU PL\u0100KSNES LONGCHIPS SIERA 75G"},"content":{"rendered":"<p>Izcelsmes valsts: Latvija<\/p>\n","protected":false},"excerpt":{"rendered":"<p>10.53 \u20ac\/KG<\/p>\n","protected":false},"featured_media":49742,"template":"","meta":{"_acf_changed":false,"inline_featured_image":false},"product_cat":[125,191],"product_tag":[],"acf":[],"aioseo_notices":[],"_links":{"self":[{"href":"https:\/\/rezekne.citro.lv\/ru\/wp-json\/wp\/v2\/product\/49734"}],"collection":[{"href":"https:\/\/rezekne.citro.lv\/ru\/wp-json\/wp\/v2\/product"}],"about":[{"href":"https:\/\/rezekne.citro.lv\/ru\/wp-json\/wp\/v2\/types\/product"}],"wp:featuredmedia":[{"embeddable":true,"href":"https:\/\/rezekne.citro.lv\/ru\/wp-json\/wp\/v2\/media\/49742"}],"wp:attachment":[{"href":"https:\/\/rezekne.citro.lv\/ru\/wp-json\/wp\/v2\/media?parent=49734"}],"wp:term":[{"taxonomy":"product_cat","embeddable":true,"href":"https:\/\/rezekne.citro.lv\/ru\/wp-json\/wp\/v2\/product_cat?post=49734"},{"taxonomy":"product_tag","embeddable":true,"href":"https:\/\/rezekne.citro.lv\/ru\/wp-json\/wp\/v2\/product_tag?post=49734"}],"curies":[{"name":"wp","href":"https:\/\/api.w.org\/{rel}","templated":true}]}}