{"id":49737,"date":"2025-01-10T00:10:53","date_gmt":"2025-01-09T22:10:53","guid":{"rendered":"https:\/\/rezekne.citro.lv\/veikals\/cipsi-kartupelu-plaksnes-longchips-sk-krej-dilles-75g\/"},"modified":"2026-04-28T06:11:11","modified_gmt":"2026-04-28T03:11:11","slug":"cipsi-kartupelu-plaksnes-longchips-sk-krej-dilles-75g","status":"publish","type":"product","link":"https:\/\/rezekne.citro.lv\/ru\/product\/cipsi-kartupelu-plaksnes-longchips-sk-krej-dilles-75g\/","title":{"rendered":"\u010cIPSI KARTUPE\u013bU PL\u0100KSNES LONGCHIPS SK.KR\u0112J.&#038;DILLES 75G"},"content":{"rendered":"<p>Izcelsmes valsts: Latvija<\/p>\n","protected":false},"excerpt":{"rendered":"<p>10.53 \u20ac\/KG<\/p>\n","protected":false},"featured_media":49738,"template":"","meta":{"_acf_changed":false,"inline_featured_image":false},"product_cat":[125,191],"product_tag":[],"acf":[],"aioseo_notices":[],"_links":{"self":[{"href":"https:\/\/rezekne.citro.lv\/ru\/wp-json\/wp\/v2\/product\/49737"}],"collection":[{"href":"https:\/\/rezekne.citro.lv\/ru\/wp-json\/wp\/v2\/product"}],"about":[{"href":"https:\/\/rezekne.citro.lv\/ru\/wp-json\/wp\/v2\/types\/product"}],"wp:featuredmedia":[{"embeddable":true,"href":"https:\/\/rezekne.citro.lv\/ru\/wp-json\/wp\/v2\/media\/49738"}],"wp:attachment":[{"href":"https:\/\/rezekne.citro.lv\/ru\/wp-json\/wp\/v2\/media?parent=49737"}],"wp:term":[{"taxonomy":"product_cat","embeddable":true,"href":"https:\/\/rezekne.citro.lv\/ru\/wp-json\/wp\/v2\/product_cat?post=49737"},{"taxonomy":"product_tag","embeddable":true,"href":"https:\/\/rezekne.citro.lv\/ru\/wp-json\/wp\/v2\/product_tag?post=49737"}],"curies":[{"name":"wp","href":"https:\/\/api.w.org\/{rel}","templated":true}]}}