{"id":49812,"date":"2026-04-03T00:03:06","date_gmt":"2026-04-02T21:03:06","guid":{"rendered":"https:\/\/rezekne.citro.lv\/veikals\/sokolades-batonins-tupla-piena-sok-white-nougat-48g-2\/"},"modified":"2026-04-19T06:14:12","modified_gmt":"2026-04-19T03:14:12","slug":"sokolades-batonins-tupla-piena-sok-white-nougat-48g","status":"publish","type":"product","link":"https:\/\/rezekne.citro.lv\/ru\/product\/sokolades-batonins-tupla-piena-sok-white-nougat-48g\/","title":{"rendered":"\u0160OKOL\u0100DES BATONI\u0145\u0160 TUPLA PIENA \u0160OK.WHITE NOUGAT 48G"},"content":{"rendered":"<p>Izcelsmes valsts: Zviedrija<\/p>\n","protected":false},"excerpt":{"rendered":"<p>31.04 \u20ac\/KG<\/p>\n","protected":false},"featured_media":49822,"template":"","meta":{"_acf_changed":false,"inline_featured_image":false},"product_cat":[125,134],"product_tag":[],"acf":[],"aioseo_notices":[],"_links":{"self":[{"href":"https:\/\/rezekne.citro.lv\/ru\/wp-json\/wp\/v2\/product\/49812"}],"collection":[{"href":"https:\/\/rezekne.citro.lv\/ru\/wp-json\/wp\/v2\/product"}],"about":[{"href":"https:\/\/rezekne.citro.lv\/ru\/wp-json\/wp\/v2\/types\/product"}],"wp:featuredmedia":[{"embeddable":true,"href":"https:\/\/rezekne.citro.lv\/ru\/wp-json\/wp\/v2\/media\/49822"}],"wp:attachment":[{"href":"https:\/\/rezekne.citro.lv\/ru\/wp-json\/wp\/v2\/media?parent=49812"}],"wp:term":[{"taxonomy":"product_cat","embeddable":true,"href":"https:\/\/rezekne.citro.lv\/ru\/wp-json\/wp\/v2\/product_cat?post=49812"},{"taxonomy":"product_tag","embeddable":true,"href":"https:\/\/rezekne.citro.lv\/ru\/wp-json\/wp\/v2\/product_tag?post=49812"}],"curies":[{"name":"wp","href":"https:\/\/api.w.org\/{rel}","templated":true}]}}