{"id":49890,"date":"2025-07-18T01:01:20","date_gmt":"2025-07-17T22:01:20","guid":{"rendered":"https:\/\/rezekne.citro.lv\/veikals\/biezpiena-sierins-zemenu-panna-cotta-38g-tukumap\/"},"modified":"2025-12-30T06:11:01","modified_gmt":"2025-12-30T04:11:01","slug":"biezpiena-sierins-zemenu-panna-cotta-38g-tukumap","status":"publish","type":"product","link":"https:\/\/rezekne.citro.lv\/ru\/product\/biezpiena-sierins-zemenu-panna-cotta-38g-tukumap\/","title":{"rendered":"BIEZPIENA SIERI\u0145\u0160 ZEME\u0145U PANNA COTTA 38G TUKUMAP"},"content":{"rendered":"<p>Izcelsmes valsts: Latvija<\/p>\n","protected":false},"excerpt":{"rendered":"<p>11.84 \u20ac\/KG<\/p>\n","protected":false},"featured_media":49963,"template":"","meta":{"_acf_changed":false,"inline_featured_image":false},"product_cat":[95,188],"product_tag":[],"acf":[],"aioseo_notices":[],"_links":{"self":[{"href":"https:\/\/rezekne.citro.lv\/ru\/wp-json\/wp\/v2\/product\/49890"}],"collection":[{"href":"https:\/\/rezekne.citro.lv\/ru\/wp-json\/wp\/v2\/product"}],"about":[{"href":"https:\/\/rezekne.citro.lv\/ru\/wp-json\/wp\/v2\/types\/product"}],"wp:featuredmedia":[{"embeddable":true,"href":"https:\/\/rezekne.citro.lv\/ru\/wp-json\/wp\/v2\/media\/49963"}],"wp:attachment":[{"href":"https:\/\/rezekne.citro.lv\/ru\/wp-json\/wp\/v2\/media?parent=49890"}],"wp:term":[{"taxonomy":"product_cat","embeddable":true,"href":"https:\/\/rezekne.citro.lv\/ru\/wp-json\/wp\/v2\/product_cat?post=49890"},{"taxonomy":"product_tag","embeddable":true,"href":"https:\/\/rezekne.citro.lv\/ru\/wp-json\/wp\/v2\/product_tag?post=49890"}],"curies":[{"name":"wp","href":"https:\/\/api.w.org\/{rel}","templated":true}]}}