{"id":49892,"date":"2026-05-07T00:17:53","date_gmt":"2026-05-06T21:17:53","guid":{"rendered":"https:\/\/rezekne.citro.lv\/veikals\/logu-tirisanas-lidzeklis-ajax-zals-500ml\/"},"modified":"2026-05-07T00:17:59","modified_gmt":"2026-05-06T21:17:59","slug":"logu-tirisanas-lidzeklis-ajax-zals-500ml","status":"publish","type":"product","link":"https:\/\/rezekne.citro.lv\/ru\/product\/logu-tirisanas-lidzeklis-ajax-zals-500ml\/","title":{"rendered":"LOGU T\u012aR\u012a\u0160ANAS L\u012aDZEKLIS AJAX ZA\u013b\u0160 500ML"},"content":{"rendered":"","protected":false},"excerpt":{"rendered":"<p>4.10 \u20ac\/L<\/p>\n","protected":false},"featured_media":49962,"template":"","meta":{"_acf_changed":false,"inline_featured_image":false},"product_cat":[131,169],"product_tag":[],"acf":[],"aioseo_notices":[],"_links":{"self":[{"href":"https:\/\/rezekne.citro.lv\/ru\/wp-json\/wp\/v2\/product\/49892"}],"collection":[{"href":"https:\/\/rezekne.citro.lv\/ru\/wp-json\/wp\/v2\/product"}],"about":[{"href":"https:\/\/rezekne.citro.lv\/ru\/wp-json\/wp\/v2\/types\/product"}],"wp:featuredmedia":[{"embeddable":true,"href":"https:\/\/rezekne.citro.lv\/ru\/wp-json\/wp\/v2\/media\/49962"}],"wp:attachment":[{"href":"https:\/\/rezekne.citro.lv\/ru\/wp-json\/wp\/v2\/media?parent=49892"}],"wp:term":[{"taxonomy":"product_cat","embeddable":true,"href":"https:\/\/rezekne.citro.lv\/ru\/wp-json\/wp\/v2\/product_cat?post=49892"},{"taxonomy":"product_tag","embeddable":true,"href":"https:\/\/rezekne.citro.lv\/ru\/wp-json\/wp\/v2\/product_tag?post=49892"}],"curies":[{"name":"wp","href":"https:\/\/api.w.org\/{rel}","templated":true}]}}