{"id":49912,"date":"2026-04-23T01:17:23","date_gmt":"2026-04-22T22:17:23","guid":{"rendered":"https:\/\/rezekne.citro.lv\/veikals\/mitras-salvetes-happy-sensitive-ar-vacinu-56gab\/"},"modified":"2026-05-09T06:40:23","modified_gmt":"2026-05-09T03:40:23","slug":"mitras-salvetes-happy-sensitive-ar-vacinu-56gab","status":"publish","type":"product","link":"https:\/\/rezekne.citro.lv\/ru\/product\/mitras-salvetes-happy-sensitive-ar-vacinu-56gab\/","title":{"rendered":"MITR\u0100S SALVETES HAPPY SENSITIVE AR V\u0100CI\u0145U 56GAB."},"content":{"rendered":"<p>Izcelsmes valsts: Polija<\/p>\n","protected":false},"excerpt":{"rendered":"<p>0.03 \u20ac\/GAB<\/p>\n","protected":false},"featured_media":49939,"template":"","meta":{"_acf_changed":false,"inline_featured_image":false},"product_cat":[172,189],"product_tag":[],"acf":[],"aioseo_notices":[],"_links":{"self":[{"href":"https:\/\/rezekne.citro.lv\/ru\/wp-json\/wp\/v2\/product\/49912"}],"collection":[{"href":"https:\/\/rezekne.citro.lv\/ru\/wp-json\/wp\/v2\/product"}],"about":[{"href":"https:\/\/rezekne.citro.lv\/ru\/wp-json\/wp\/v2\/types\/product"}],"wp:featuredmedia":[{"embeddable":true,"href":"https:\/\/rezekne.citro.lv\/ru\/wp-json\/wp\/v2\/media\/49939"}],"wp:attachment":[{"href":"https:\/\/rezekne.citro.lv\/ru\/wp-json\/wp\/v2\/media?parent=49912"}],"wp:term":[{"taxonomy":"product_cat","embeddable":true,"href":"https:\/\/rezekne.citro.lv\/ru\/wp-json\/wp\/v2\/product_cat?post=49912"},{"taxonomy":"product_tag","embeddable":true,"href":"https:\/\/rezekne.citro.lv\/ru\/wp-json\/wp\/v2\/product_tag?post=49912"}],"curies":[{"name":"wp","href":"https:\/\/api.w.org\/{rel}","templated":true}]}}