{"id":50013,"date":"2026-04-23T01:04:00","date_gmt":"2026-04-22T22:04:00","guid":{"rendered":"https:\/\/rezekne.citro.lv\/veikals\/batonins-marcipana-tumsaja-sokolade-40g-skriveru\/"},"modified":"2026-05-09T06:29:03","modified_gmt":"2026-05-09T03:29:03","slug":"batonins-marcipana-tumsaja-sokolade-40g-skriveru","status":"publish","type":"product","link":"https:\/\/rezekne.citro.lv\/ru\/product\/batonins-marcipana-tumsaja-sokolade-40g-skriveru\/","title":{"rendered":"BATONI\u0145\u0160 MARCIP\u0100NA TUM\u0160AJ\u0100 \u0160OKOL\u0100D\u0112 40G SKR\u012aVERU"},"content":{"rendered":"<p>Izcelsmes valsts: Latvija<\/p>\n","protected":false},"excerpt":{"rendered":"<p>29.75 \u20ac\/KG<\/p>\n","protected":false},"featured_media":51052,"template":"","meta":{"_acf_changed":false,"inline_featured_image":false},"product_cat":[125,134],"product_tag":[],"acf":[],"aioseo_notices":[],"_links":{"self":[{"href":"https:\/\/rezekne.citro.lv\/ru\/wp-json\/wp\/v2\/product\/50013"}],"collection":[{"href":"https:\/\/rezekne.citro.lv\/ru\/wp-json\/wp\/v2\/product"}],"about":[{"href":"https:\/\/rezekne.citro.lv\/ru\/wp-json\/wp\/v2\/types\/product"}],"wp:featuredmedia":[{"embeddable":true,"href":"https:\/\/rezekne.citro.lv\/ru\/wp-json\/wp\/v2\/media\/51052"}],"wp:attachment":[{"href":"https:\/\/rezekne.citro.lv\/ru\/wp-json\/wp\/v2\/media?parent=50013"}],"wp:term":[{"taxonomy":"product_cat","embeddable":true,"href":"https:\/\/rezekne.citro.lv\/ru\/wp-json\/wp\/v2\/product_cat?post=50013"},{"taxonomy":"product_tag","embeddable":true,"href":"https:\/\/rezekne.citro.lv\/ru\/wp-json\/wp\/v2\/product_tag?post=50013"}],"curies":[{"name":"wp","href":"https:\/\/api.w.org\/{rel}","templated":true}]}}