{"id":50227,"date":"2025-04-25T00:12:55","date_gmt":"2025-04-24T21:12:55","guid":{"rendered":"https:\/\/rezekne.citro.lv\/veikals\/desinas-alksnu-ar-sieru-puszavetas-260g-rgk\/"},"modified":"2025-06-16T09:13:08","modified_gmt":"2025-06-16T06:13:08","slug":"desinas-alksnu-ar-sieru-puszavetas-260g-rgk","status":"publish","type":"product","link":"https:\/\/rezekne.citro.lv\/ru\/product\/desinas-alksnu-ar-sieru-puszavetas-260g-rgk\/","title":{"rendered":"DESI\u0145AS ALK\u0160\u0145U AR SIERU PUS\u017d\u0100V\u0112T\u0100S 260G RGK"},"content":{"rendered":"<p>Izcelsmes valsts: Latvija<\/p>\n","protected":false},"excerpt":{"rendered":"<p>8.42 \u20ac\/KG<\/p>\n","protected":false},"featured_media":58916,"template":"","meta":{"_acf_changed":false,"inline_featured_image":false},"product_cat":[135,177],"product_tag":[],"acf":[],"aioseo_notices":[],"_links":{"self":[{"href":"https:\/\/rezekne.citro.lv\/ru\/wp-json\/wp\/v2\/product\/50227"}],"collection":[{"href":"https:\/\/rezekne.citro.lv\/ru\/wp-json\/wp\/v2\/product"}],"about":[{"href":"https:\/\/rezekne.citro.lv\/ru\/wp-json\/wp\/v2\/types\/product"}],"wp:featuredmedia":[{"embeddable":true,"href":"https:\/\/rezekne.citro.lv\/ru\/wp-json\/wp\/v2\/media\/58916"}],"wp:attachment":[{"href":"https:\/\/rezekne.citro.lv\/ru\/wp-json\/wp\/v2\/media?parent=50227"}],"wp:term":[{"taxonomy":"product_cat","embeddable":true,"href":"https:\/\/rezekne.citro.lv\/ru\/wp-json\/wp\/v2\/product_cat?post=50227"},{"taxonomy":"product_tag","embeddable":true,"href":"https:\/\/rezekne.citro.lv\/ru\/wp-json\/wp\/v2\/product_tag?post=50227"}],"curies":[{"name":"wp","href":"https:\/\/api.w.org\/{rel}","templated":true}]}}