{"id":50235,"date":"2026-02-26T00:48:03","date_gmt":"2026-02-25T22:48:03","guid":{"rendered":"https:\/\/rezekne.citro.lv\/veikals\/pelmeni-pilsetas-gimenes-paka-1kg\/"},"modified":"2026-04-11T06:28:23","modified_gmt":"2026-04-11T03:28:23","slug":"pelmeni-pilsetas-gimenes-paka-1kg","status":"publish","type":"product","link":"https:\/\/rezekne.citro.lv\/ru\/product\/pelmeni-pilsetas-gimenes-paka-1kg\/","title":{"rendered":"PELME\u0145I PILS\u0112TAS \u0122IMENES PAKA 1KG"},"content":{"rendered":"<p>Izcelsmes valsts: Latvija<\/p>\n","protected":false},"excerpt":{"rendered":"<p>4.09 \u20ac\/KG<\/p>\n","protected":false},"featured_media":14947,"template":"","meta":{"_acf_changed":false,"inline_featured_image":false},"product_cat":[231,232],"product_tag":[],"acf":[],"aioseo_notices":[],"_links":{"self":[{"href":"https:\/\/rezekne.citro.lv\/ru\/wp-json\/wp\/v2\/product\/50235"}],"collection":[{"href":"https:\/\/rezekne.citro.lv\/ru\/wp-json\/wp\/v2\/product"}],"about":[{"href":"https:\/\/rezekne.citro.lv\/ru\/wp-json\/wp\/v2\/types\/product"}],"wp:featuredmedia":[{"embeddable":true,"href":"https:\/\/rezekne.citro.lv\/ru\/wp-json\/wp\/v2\/media\/14947"}],"wp:attachment":[{"href":"https:\/\/rezekne.citro.lv\/ru\/wp-json\/wp\/v2\/media?parent=50235"}],"wp:term":[{"taxonomy":"product_cat","embeddable":true,"href":"https:\/\/rezekne.citro.lv\/ru\/wp-json\/wp\/v2\/product_cat?post=50235"},{"taxonomy":"product_tag","embeddable":true,"href":"https:\/\/rezekne.citro.lv\/ru\/wp-json\/wp\/v2\/product_tag?post=50235"}],"curies":[{"name":"wp","href":"https:\/\/api.w.org\/{rel}","templated":true}]}}