{"id":50255,"date":"2026-03-26T00:48:09","date_gmt":"2026-03-25T22:48:09","guid":{"rendered":"https:\/\/rezekne.citro.lv\/veikals\/merce-street-food-fri-kartupelu-spilva-220g\/"},"modified":"2026-04-02T06:10:42","modified_gmt":"2026-04-02T03:10:42","slug":"merce-street-food-fri-kartupelu-spilva-220g","status":"publish","type":"product","link":"https:\/\/rezekne.citro.lv\/ru\/product\/merce-street-food-fri-kartupelu-spilva-220g\/","title":{"rendered":"M\u0112RCE STREET FOOD FR\u012a KARTUPE\u013bU SPILVA 220G"},"content":{"rendered":"<p>Izcelsmes valsts: Latvija<\/p>\n","protected":false},"excerpt":{"rendered":"<p>10.86 \u20ac\/KG<\/p>\n","protected":false},"featured_media":8630,"template":"","meta":{"_acf_changed":false,"inline_featured_image":false},"product_cat":[116,208],"product_tag":[],"acf":[],"aioseo_notices":[],"_links":{"self":[{"href":"https:\/\/rezekne.citro.lv\/ru\/wp-json\/wp\/v2\/product\/50255"}],"collection":[{"href":"https:\/\/rezekne.citro.lv\/ru\/wp-json\/wp\/v2\/product"}],"about":[{"href":"https:\/\/rezekne.citro.lv\/ru\/wp-json\/wp\/v2\/types\/product"}],"wp:featuredmedia":[{"embeddable":true,"href":"https:\/\/rezekne.citro.lv\/ru\/wp-json\/wp\/v2\/media\/8630"}],"wp:attachment":[{"href":"https:\/\/rezekne.citro.lv\/ru\/wp-json\/wp\/v2\/media?parent=50255"}],"wp:term":[{"taxonomy":"product_cat","embeddable":true,"href":"https:\/\/rezekne.citro.lv\/ru\/wp-json\/wp\/v2\/product_cat?post=50255"},{"taxonomy":"product_tag","embeddable":true,"href":"https:\/\/rezekne.citro.lv\/ru\/wp-json\/wp\/v2\/product_tag?post=50255"}],"curies":[{"name":"wp","href":"https:\/\/api.w.org\/{rel}","templated":true}]}}