{"id":50448,"date":"2026-02-26T00:33:50","date_gmt":"2026-02-25T22:33:50","guid":{"rendered":"https:\/\/rezekne.citro.lv\/veikals\/smalkmaizite-kokosriekstu-citro-80g\/"},"modified":"2026-04-03T09:00:19","modified_gmt":"2026-04-03T06:00:19","slug":"smalkmaizite-kokosriekstu-citro-80g","status":"publish","type":"product","link":"https:\/\/rezekne.citro.lv\/ru\/product\/smalkmaizite-kokosriekstu-citro-80g\/","title":{"rendered":"SMALKMAIZ\u012aTE KOKOSRIEKSTU  CITRO 80G"},"content":{"rendered":"<p>Izcelsmes valsts: Latvija<br \/>Sast\u0101vda\u013cas:m\u012bkla{KVIE\u0160U MILTI: \u016bdens: margar\u012bns ((augu e\u013c\u013cas(palmu,rap\u0161u),\u016bdens,emulgatori(tauksk\u0101bju mono un diglicer\u012bdi,  tauksk\u0101bju un poliglicerina esteri, lecit\u012bns), s\u0101ls,sk\u0101buma regul\u0113t\u0101js E 330, konserv\u0101nts k\u0101lija sorb\u0101ts, arom\u0101ts, kr\u0101sviela 160b(i))): cukurs; saulespu\u0137u e\u013c\u013ca rafin\u0113ta;s\u0101ls: raugs sausais((raugs Saccharomyces cerevisiae ), emulgators: E491 )):  uzlabot\u0101js(KVIE\u0160U milti, fermenti, miltu apstr\u0101des l\u012bdzeklis:E300.Var satur\u0113t LIPEKLI saturo\u0161o, OLU, SOJASpupu, SEZAMA s\u0113klu produktu da\u013ci\u0146as)}:   \u016bdens, fondanta glaz\u016bra (cukurs, glikozes s\u012brups); kokosriekstu skaidi\u0146as4.8%(100% kokosa skaidi\u0146as): kaltkr\u0113ms((cukurs, modific\u0113ta ciete (kartupe\u013cu),PIENA s\u016bkalu  pulveris,palmu tauki,PIENA proteini, LAKTOZE, V\u0100JPIENA pulveris, biezin\u0101t\u0101js:E401; aromatiz\u0113t\u0101ji-vanil\u012bns ,dab\u012bga vani\u013ca, p\u0101rtikas kr\u0101svielas E160a, emulgatori(E450, E471), sk\u0101buma regul\u0113t\u0101ji E339, E516)): olu aizvietot\u0101js((KAZE\u012aNS (PIENA olbaltumvielas), sk\u0101buma regul\u0113t\u0101js (E450, E500), LAKTOZE)); Uzglab\u0101\u0161anas temperat\u016bra,+20-+25C Inform\u0101cija par uzturv\u0113rt\u012bbu: 100 g produkta satur: ener\u0123\u0113tisk\u0101 v\u0113rt\u012bba 1324 kJ \/ 316kcal; tauki 13.6g, tostarp pies\u0101tin\u0101t\u0101s tauksk\u0101bes 8.1g; og\u013chidr\u0101ti 42.6g, tostarp cukuri 15.4g; \u0161\u0137iedrvielas 2.3g; olbaltumvielas 4.6g; s\u0101ls 0.5g.<\/p>\n","protected":false},"excerpt":{"rendered":"<p>8.13 \u20ac\/KG<\/p>\n","protected":false},"featured_media":62648,"template":"","meta":{"_acf_changed":false,"inline_featured_image":false},"product_cat":[109,110],"product_tag":[],"acf":[],"aioseo_notices":[],"_links":{"self":[{"href":"https:\/\/rezekne.citro.lv\/ru\/wp-json\/wp\/v2\/product\/50448"}],"collection":[{"href":"https:\/\/rezekne.citro.lv\/ru\/wp-json\/wp\/v2\/product"}],"about":[{"href":"https:\/\/rezekne.citro.lv\/ru\/wp-json\/wp\/v2\/types\/product"}],"wp:featuredmedia":[{"embeddable":true,"href":"https:\/\/rezekne.citro.lv\/ru\/wp-json\/wp\/v2\/media\/62648"}],"wp:attachment":[{"href":"https:\/\/rezekne.citro.lv\/ru\/wp-json\/wp\/v2\/media?parent=50448"}],"wp:term":[{"taxonomy":"product_cat","embeddable":true,"href":"https:\/\/rezekne.citro.lv\/ru\/wp-json\/wp\/v2\/product_cat?post=50448"},{"taxonomy":"product_tag","embeddable":true,"href":"https:\/\/rezekne.citro.lv\/ru\/wp-json\/wp\/v2\/product_tag?post=50448"}],"curies":[{"name":"wp","href":"https:\/\/api.w.org\/{rel}","templated":true}]}}